{"id":88951,"date":"2025-12-02T17:09:18","date_gmt":"2025-12-02T16:09:18","guid":{"rendered":"https:\/\/www.hirtenberg-apotheke.at\/katalog\/produkt\/apocare-brustwohl-baby-balsam-50-ml\/"},"modified":"2025-12-02T17:09:59","modified_gmt":"2025-12-02T16:09:59","slug":"apocare-brustwohl-baby-balsam-50-ml","status":"publish","type":"product","link":"https:\/\/www.hirtenberg-apotheke.at\/katalog\/produkt\/apocare-brustwohl-baby-balsam-50-ml\/","title":{"rendered":"Apocare Brustwohl Baby Balsam 50 ml"},"content":{"rendered":"<p>Das im ApoCare Baby Brustbalsam enthaltene Thymian\u00f6l riecht wohltuend und beruhigend, unterst\u00fctzt die Atemwege und die milde Salbengrundlage sch\u00fctzt die Haut. Ohne Menthol und Kampfer, daher f\u00fcr Kleinkinder ab 3 Monaten geeignet. Frei von Mineral\u00f6len. Frei von Parabenen. Frei von Konservierungs- und Farbstoffen.<\/p>\n","protected":false},"excerpt":{"rendered":"<p>Das im ApoCare Baby Brustbalsam enthaltene Thymian\u00f6l riecht wohltuend und beruhigend, unterst\u00fctzt die Atemwege und die milde Salbengrundlage sch\u00fctzt die Haut. Ohne Menthol und Kampfer, daher f\u00fcr Kleinkinder ab 3 Monaten geeignet. Frei von Mineral\u00f6len. Frei von Parabenen. Frei von Konservierungs- und Farbstoffen.<\/p>\n","protected":false},"featured_media":88953,"template":"","meta":{"_acf_changed":false},"product_brand":[],"product_cat":[299],"product_tag":[],"class_list":{"0":"post-88951","1":"product","2":"type-product","3":"status-publish","4":"has-post-thumbnail","6":"product_cat-a","7":"pa_packungsgroesse-50ml","9":"first","10":"instock","11":"shipping-taxable","12":"purchasable","13":"product-type-simple"},"acf":[],"_links":{"self":[{"href":"https:\/\/www.hirtenberg-apotheke.at\/katalog\/wp-json\/wp\/v2\/product\/88951","targetHints":{"allow":["GET"]}}],"collection":[{"href":"https:\/\/www.hirtenberg-apotheke.at\/katalog\/wp-json\/wp\/v2\/product"}],"about":[{"href":"https:\/\/www.hirtenberg-apotheke.at\/katalog\/wp-json\/wp\/v2\/types\/product"}],"wp:featuredmedia":[{"embeddable":true,"href":"https:\/\/www.hirtenberg-apotheke.at\/katalog\/wp-json\/wp\/v2\/media\/88953"}],"wp:attachment":[{"href":"https:\/\/www.hirtenberg-apotheke.at\/katalog\/wp-json\/wp\/v2\/media?parent=88951"}],"wp:term":[{"taxonomy":"product_brand","embeddable":true,"href":"https:\/\/www.hirtenberg-apotheke.at\/katalog\/wp-json\/wp\/v2\/product_brand?post=88951"},{"taxonomy":"product_cat","embeddable":true,"href":"https:\/\/www.hirtenberg-apotheke.at\/katalog\/wp-json\/wp\/v2\/product_cat?post=88951"},{"taxonomy":"product_tag","embeddable":true,"href":"https:\/\/www.hirtenberg-apotheke.at\/katalog\/wp-json\/wp\/v2\/product_tag?post=88951"}],"curies":[{"name":"wp","href":"https:\/\/api.w.org\/{rel}","templated":true}]}}