{"id":88960,"date":"2025-12-02T17:09:59","date_gmt":"2025-12-02T16:09:59","guid":{"rendered":"https:\/\/www.hirtenberg-apotheke.at\/katalog\/produkt\/apocare-brustwohl-balsam-50-ml\/"},"modified":"2025-12-02T17:10:20","modified_gmt":"2025-12-02T16:10:20","slug":"apocare-brustwohl-balsam-50-ml","status":"publish","type":"product","link":"https:\/\/www.hirtenberg-apotheke.at\/katalog\/produkt\/apocare-brustwohl-balsam-50-ml\/","title":{"rendered":"Apocare Brustwohl Balsam 50 ml"},"content":{"rendered":"<p>Die BrustWohl Wirkstoffkombination mit Eukalyptus\u00f6l, Kampfer und Menthol wirkt wohltuend und lindernd. Die nach dem Auftragen freiwerdenden \u00e4therischen \u00d6le unterst\u00fctzen die Atemwege. F\u00fcr Erwachsene und Kinder ab 3 Jahren.<\/p>\n","protected":false},"excerpt":{"rendered":"<p>Die BrustWohl Wirkstoffkombination mit Eukalyptus\u00f6l, Kampfer und Menthol wirkt wohltuend und lindernd. Die nach dem Auftragen freiwerdenden \u00e4therischen \u00d6le unterst\u00fctzen die Atemwege. F\u00fcr Erwachsene und Kinder ab 3 Jahren.<\/p>\n","protected":false},"featured_media":88962,"template":"","meta":{"_acf_changed":false},"product_brand":[],"product_cat":[299],"product_tag":[],"class_list":{"0":"post-88960","1":"product","2":"type-product","3":"status-publish","4":"has-post-thumbnail","6":"product_cat-a","7":"pa_packungsgroesse-50ml","9":"first","10":"instock","11":"shipping-taxable","12":"purchasable","13":"product-type-simple"},"acf":[],"_links":{"self":[{"href":"https:\/\/www.hirtenberg-apotheke.at\/katalog\/wp-json\/wp\/v2\/product\/88960","targetHints":{"allow":["GET"]}}],"collection":[{"href":"https:\/\/www.hirtenberg-apotheke.at\/katalog\/wp-json\/wp\/v2\/product"}],"about":[{"href":"https:\/\/www.hirtenberg-apotheke.at\/katalog\/wp-json\/wp\/v2\/types\/product"}],"wp:featuredmedia":[{"embeddable":true,"href":"https:\/\/www.hirtenberg-apotheke.at\/katalog\/wp-json\/wp\/v2\/media\/88962"}],"wp:attachment":[{"href":"https:\/\/www.hirtenberg-apotheke.at\/katalog\/wp-json\/wp\/v2\/media?parent=88960"}],"wp:term":[{"taxonomy":"product_brand","embeddable":true,"href":"https:\/\/www.hirtenberg-apotheke.at\/katalog\/wp-json\/wp\/v2\/product_brand?post=88960"},{"taxonomy":"product_cat","embeddable":true,"href":"https:\/\/www.hirtenberg-apotheke.at\/katalog\/wp-json\/wp\/v2\/product_cat?post=88960"},{"taxonomy":"product_tag","embeddable":true,"href":"https:\/\/www.hirtenberg-apotheke.at\/katalog\/wp-json\/wp\/v2\/product_tag?post=88960"}],"curies":[{"name":"wp","href":"https:\/\/api.w.org\/{rel}","templated":true}]}}