{"id":88969,"date":"2025-12-02T17:09:59","date_gmt":"2025-12-02T16:09:59","guid":{"rendered":"https:\/\/www.hirtenberg-apotheke.at\/katalog\/produkt\/apocare-ringelblumensalbe-hautwohl-50-ml\/"},"modified":"2025-12-02T17:10:25","modified_gmt":"2025-12-02T16:10:25","slug":"apocare-ringelblumensalbe-hautwohl-50-ml","status":"publish","type":"product","link":"https:\/\/www.hirtenberg-apotheke.at\/katalog\/produkt\/apocare-ringelblumensalbe-hautwohl-50-ml\/","title":{"rendered":"Apocare Ringelblumensalbe Hautwohl 50 ml"},"content":{"rendered":"<p>Reines Ringelblumen\u00f6l verleiht Geschmeidigkeit und regeneriert bei rauer Haut und Irritationen.  Ringelblumenextrakte haben sich seit vielen Generationen als Hausmittel f\u00fcr die Hautpflege bew\u00e4hrt. Die HautWohl Ringelblumensalbe regeneriert strapazierte und trockene Haut, eignet sich bei kleinen Verletzungen und Absch\u00fcrfungen und ist ideal f\u00fcr die t\u00e4gliche Pflege.<\/p>\n","protected":false},"excerpt":{"rendered":"<p>Reines Ringelblumen\u00f6l verleiht Geschmeidigkeit und regeneriert bei rauer Haut und Irritationen. Ringelblumenextrakte haben sich seit vielen Generationen als Hausmittel f\u00fcr die Hautpflege bew\u00e4hrt. Die HautWohl Ringelblumensalbe regeneriert strapazierte und trockene Haut, eignet sich bei kleinen Verletzungen und Absch\u00fcrfungen und ist ideal f\u00fcr die t\u00e4gliche Pflege.<\/p>\n","protected":false},"featured_media":88971,"template":"","meta":{"_acf_changed":false},"product_brand":[],"product_cat":[299],"product_tag":[],"class_list":{"0":"post-88969","1":"product","2":"type-product","3":"status-publish","4":"has-post-thumbnail","6":"product_cat-a","7":"pa_packungsgroesse-50ml","9":"first","10":"instock","11":"shipping-taxable","12":"purchasable","13":"product-type-simple"},"acf":[],"_links":{"self":[{"href":"https:\/\/www.hirtenberg-apotheke.at\/katalog\/wp-json\/wp\/v2\/product\/88969","targetHints":{"allow":["GET"]}}],"collection":[{"href":"https:\/\/www.hirtenberg-apotheke.at\/katalog\/wp-json\/wp\/v2\/product"}],"about":[{"href":"https:\/\/www.hirtenberg-apotheke.at\/katalog\/wp-json\/wp\/v2\/types\/product"}],"wp:featuredmedia":[{"embeddable":true,"href":"https:\/\/www.hirtenberg-apotheke.at\/katalog\/wp-json\/wp\/v2\/media\/88971"}],"wp:attachment":[{"href":"https:\/\/www.hirtenberg-apotheke.at\/katalog\/wp-json\/wp\/v2\/media?parent=88969"}],"wp:term":[{"taxonomy":"product_brand","embeddable":true,"href":"https:\/\/www.hirtenberg-apotheke.at\/katalog\/wp-json\/wp\/v2\/product_brand?post=88969"},{"taxonomy":"product_cat","embeddable":true,"href":"https:\/\/www.hirtenberg-apotheke.at\/katalog\/wp-json\/wp\/v2\/product_cat?post=88969"},{"taxonomy":"product_tag","embeddable":true,"href":"https:\/\/www.hirtenberg-apotheke.at\/katalog\/wp-json\/wp\/v2\/product_tag?post=88969"}],"curies":[{"name":"wp","href":"https:\/\/api.w.org\/{rel}","templated":true}]}}