{"id":88988,"date":"2025-12-02T17:10:48","date_gmt":"2025-12-02T16:10:48","guid":{"rendered":"https:\/\/www.hirtenberg-apotheke.at\/katalog\/produkt\/apozema-tropfen-nr-21-leber-galle-50-ml\/"},"modified":"2025-12-02T17:11:29","modified_gmt":"2025-12-02T16:11:29","slug":"apozema-tropfen-nr-21-leber-galle-50-ml","status":"publish","type":"product","link":"https:\/\/www.hirtenberg-apotheke.at\/katalog\/produkt\/apozema-tropfen-nr-21-leber-galle-50-ml\/","title":{"rendered":"Apozema Tropfen Nr. 21 Leber\/Galle 50 ml"},"content":{"rendered":"<p>Die Anwendungsgebiete leiten sich von den hom\u00f6opathischen Arzneimittelbildern ab: Zur Aktivierung und St\u00e4rkung der k\u00f6rpereigenen Selbstheilungskr\u00e4fte bei Leberleiden, Neigung zu Gallensteinen und Funktionsst\u00f6rungen der Galle &#8211; dieses und viele weitere Produkte von Apozema dauerhaft preisreduziert bestellen!<\/p>\n","protected":false},"excerpt":{"rendered":"<p>Die Anwendungsgebiete leiten sich von den hom\u00f6opathischen Arzneimittelbildern ab: Zur Aktivierung und St\u00e4rkung der k\u00f6rpereigenen Selbstheilungskr\u00e4fte bei Leberleiden, Neigung zu Gallensteinen und Funktionsst\u00f6rungen der Galle &#8211; dieses und viele weitere Produkte von Apozema dauerhaft preisreduziert bestellen!<\/p>\n","protected":false},"featured_media":0,"template":"","meta":{"_acf_changed":false},"product_brand":[927],"product_cat":[299],"product_tag":[],"class_list":{"0":"post-88988","1":"product","2":"type-product","3":"status-publish","5":"product_brand-apozema","6":"product_cat-a","7":"pa_packungsgroesse-50ml","9":"first","10":"instock","11":"shipping-taxable","12":"purchasable","13":"product-type-simple"},"acf":[],"_links":{"self":[{"href":"https:\/\/www.hirtenberg-apotheke.at\/katalog\/wp-json\/wp\/v2\/product\/88988","targetHints":{"allow":["GET"]}}],"collection":[{"href":"https:\/\/www.hirtenberg-apotheke.at\/katalog\/wp-json\/wp\/v2\/product"}],"about":[{"href":"https:\/\/www.hirtenberg-apotheke.at\/katalog\/wp-json\/wp\/v2\/types\/product"}],"wp:attachment":[{"href":"https:\/\/www.hirtenberg-apotheke.at\/katalog\/wp-json\/wp\/v2\/media?parent=88988"}],"wp:term":[{"taxonomy":"product_brand","embeddable":true,"href":"https:\/\/www.hirtenberg-apotheke.at\/katalog\/wp-json\/wp\/v2\/product_brand?post=88988"},{"taxonomy":"product_cat","embeddable":true,"href":"https:\/\/www.hirtenberg-apotheke.at\/katalog\/wp-json\/wp\/v2\/product_cat?post=88988"},{"taxonomy":"product_tag","embeddable":true,"href":"https:\/\/www.hirtenberg-apotheke.at\/katalog\/wp-json\/wp\/v2\/product_tag?post=88988"}],"curies":[{"name":"wp","href":"https:\/\/api.w.org\/{rel}","templated":true}]}}