{"id":88994,"date":"2025-12-02T17:11:28","date_gmt":"2025-12-02T16:11:28","guid":{"rendered":"https:\/\/www.hirtenberg-apotheke.at\/katalog\/produkt\/apozema-tropfen-nr-35-venen-50-ml\/"},"modified":"2025-12-02T17:12:07","modified_gmt":"2025-12-02T16:12:07","slug":"apozema-tropfen-nr-35-venen-50-ml","status":"publish","type":"product","link":"https:\/\/www.hirtenberg-apotheke.at\/katalog\/produkt\/apozema-tropfen-nr-35-venen-50-ml\/","title":{"rendered":"Apozema Tropfen Nr. 35 Venen 50 ml"},"content":{"rendered":"<p>APOZEMA Venen-Tropfen Nr. 35 von APOMEDICA regen die Selbstheilungskr\u00e4fte gem\u00e4\u00df dem hom\u00f6opathischen Arzneimittelbild bei Venenbeschwerden, schweren, m\u00fcden Beinen, Krampfadern, Durchblutungsst\u00f6rungen und H\u00e4morrhoiden an.<\/p>\n","protected":false},"excerpt":{"rendered":"<p>APOZEMA Venen-Tropfen Nr. 35 von APOMEDICA regen die Selbstheilungskr\u00e4fte gem\u00e4\u00df dem hom\u00f6opathischen Arzneimittelbild bei Venenbeschwerden, schweren, m\u00fcden Beinen, Krampfadern, Durchblutungsst\u00f6rungen und H\u00e4morrhoiden an.<\/p>\n","protected":false},"featured_media":0,"template":"","meta":{"_acf_changed":false},"product_brand":[927],"product_cat":[299],"product_tag":[],"class_list":{"0":"post-88994","1":"product","2":"type-product","3":"status-publish","5":"product_brand-apozema","6":"product_cat-a","7":"pa_packungsgroesse-50ml","9":"first","10":"instock","11":"shipping-taxable","12":"purchasable","13":"product-type-simple"},"acf":[],"_links":{"self":[{"href":"https:\/\/www.hirtenberg-apotheke.at\/katalog\/wp-json\/wp\/v2\/product\/88994","targetHints":{"allow":["GET"]}}],"collection":[{"href":"https:\/\/www.hirtenberg-apotheke.at\/katalog\/wp-json\/wp\/v2\/product"}],"about":[{"href":"https:\/\/www.hirtenberg-apotheke.at\/katalog\/wp-json\/wp\/v2\/types\/product"}],"wp:attachment":[{"href":"https:\/\/www.hirtenberg-apotheke.at\/katalog\/wp-json\/wp\/v2\/media?parent=88994"}],"wp:term":[{"taxonomy":"product_brand","embeddable":true,"href":"https:\/\/www.hirtenberg-apotheke.at\/katalog\/wp-json\/wp\/v2\/product_brand?post=88994"},{"taxonomy":"product_cat","embeddable":true,"href":"https:\/\/www.hirtenberg-apotheke.at\/katalog\/wp-json\/wp\/v2\/product_cat?post=88994"},{"taxonomy":"product_tag","embeddable":true,"href":"https:\/\/www.hirtenberg-apotheke.at\/katalog\/wp-json\/wp\/v2\/product_tag?post=88994"}],"curies":[{"name":"wp","href":"https:\/\/api.w.org\/{rel}","templated":true}]}}