{"id":89031,"date":"2025-12-02T17:12:53","date_gmt":"2025-12-02T16:12:53","guid":{"rendered":"https:\/\/www.hirtenberg-apotheke.at\/katalog\/produkt\/milupa-aptamil-pepti-syneo-pulver-400-g\/"},"modified":"2025-12-02T17:13:35","modified_gmt":"2025-12-02T16:13:35","slug":"milupa-aptamil-pepti-syneo-pulver-400-g","status":"publish","type":"product","link":"https:\/\/www.hirtenberg-apotheke.at\/katalog\/produkt\/milupa-aptamil-pepti-syneo-pulver-400-g\/","title":{"rendered":"Milupa Aptamil Pepti Syneo Pulver 400 g"},"content":{"rendered":"<p>Aptamil Pepti SYNEO ist ein Lebensmittel f\u00fcr besondere medizinische Zwecke (Bilanzierte Di\u00e4t). Zum Di\u00e4tmanagement bei Kuhmilchproteinallergie und zur ausschlie\u00dflichen Ern\u00e4hrung von S\u00e4uglingen und Kleinkindern mit Kuhmilchproteinallergie &#8211; Jetzt online bestellen<\/p>\n","protected":false},"excerpt":{"rendered":"<p>Aptamil Pepti SYNEO ist ein Lebensmittel f\u00fcr besondere medizinische Zwecke (Bilanzierte Di\u00e4t). Zum Di\u00e4tmanagement bei Kuhmilchproteinallergie und zur ausschlie\u00dflichen Ern\u00e4hrung von S\u00e4uglingen und Kleinkindern mit Kuhmilchproteinallergie &#8211; Jetzt online bestellen<\/p>\n","protected":false},"featured_media":89033,"template":"","meta":{"_acf_changed":false},"product_brand":[],"product_cat":[308],"product_tag":[],"class_list":{"0":"post-89031","1":"product","2":"type-product","3":"status-publish","4":"has-post-thumbnail","6":"product_cat-m","7":"pa_packungsgroesse-400g","9":"first","10":"instock","11":"shipping-taxable","12":"purchasable","13":"product-type-simple"},"acf":[],"_links":{"self":[{"href":"https:\/\/www.hirtenberg-apotheke.at\/katalog\/wp-json\/wp\/v2\/product\/89031","targetHints":{"allow":["GET"]}}],"collection":[{"href":"https:\/\/www.hirtenberg-apotheke.at\/katalog\/wp-json\/wp\/v2\/product"}],"about":[{"href":"https:\/\/www.hirtenberg-apotheke.at\/katalog\/wp-json\/wp\/v2\/types\/product"}],"wp:featuredmedia":[{"embeddable":true,"href":"https:\/\/www.hirtenberg-apotheke.at\/katalog\/wp-json\/wp\/v2\/media\/89033"}],"wp:attachment":[{"href":"https:\/\/www.hirtenberg-apotheke.at\/katalog\/wp-json\/wp\/v2\/media?parent=89031"}],"wp:term":[{"taxonomy":"product_brand","embeddable":true,"href":"https:\/\/www.hirtenberg-apotheke.at\/katalog\/wp-json\/wp\/v2\/product_brand?post=89031"},{"taxonomy":"product_cat","embeddable":true,"href":"https:\/\/www.hirtenberg-apotheke.at\/katalog\/wp-json\/wp\/v2\/product_cat?post=89031"},{"taxonomy":"product_tag","embeddable":true,"href":"https:\/\/www.hirtenberg-apotheke.at\/katalog\/wp-json\/wp\/v2\/product_tag?post=89031"}],"curies":[{"name":"wp","href":"https:\/\/api.w.org\/{rel}","templated":true}]}}