{"id":89106,"date":"2025-12-02T17:15:29","date_gmt":"2025-12-02T16:15:29","guid":{"rendered":"https:\/\/www.hirtenberg-apotheke.at\/katalog\/produkt\/aristoloch-clematitis-spagyra-d-12-salbe-50-ml\/"},"modified":"2025-12-02T17:15:48","modified_gmt":"2025-12-02T16:15:48","slug":"aristoloch-clematitis-spagyra-d-12-salbe-50-ml","status":"publish","type":"product","link":"https:\/\/www.hirtenberg-apotheke.at\/katalog\/produkt\/aristoloch-clematitis-spagyra-d-12-salbe-50-ml\/","title":{"rendered":"Aristoloch Clematitis Spagyra D 12 Salbe 50 ml"},"content":{"rendered":"<p>Spagyra bietet hom\u00f6opathische Einzelmittel, um \u00c4hnliches mit \u00c4hnlichem zu heilen. Der K\u00f6rper wird dadurch zur Selbstheilung angeregt. Das Immunsystem wird gest\u00e4rkt. Ob Globuli, Dilutionen, Tabletten oder Triturationen.<\/p>\n","protected":false},"excerpt":{"rendered":"<p>Spagyra bietet hom\u00f6opathische Einzelmittel, um \u00c4hnliches mit \u00c4hnlichem zu heilen. Der K\u00f6rper wird dadurch zur Selbstheilung angeregt. Das Immunsystem wird gest\u00e4rkt. Ob Globuli, Dilutionen, Tabletten oder Triturationen.<\/p>\n","protected":false},"featured_media":89108,"template":"","meta":{"_acf_changed":false},"product_brand":[],"product_cat":[299],"product_tag":[],"class_list":{"0":"post-89106","1":"product","2":"type-product","3":"status-publish","4":"has-post-thumbnail","6":"product_cat-a","7":"pa_packungsgroesse-50ml","9":"first","10":"instock","11":"shipping-taxable","12":"purchasable","13":"product-type-simple"},"acf":[],"_links":{"self":[{"href":"https:\/\/www.hirtenberg-apotheke.at\/katalog\/wp-json\/wp\/v2\/product\/89106","targetHints":{"allow":["GET"]}}],"collection":[{"href":"https:\/\/www.hirtenberg-apotheke.at\/katalog\/wp-json\/wp\/v2\/product"}],"about":[{"href":"https:\/\/www.hirtenberg-apotheke.at\/katalog\/wp-json\/wp\/v2\/types\/product"}],"wp:featuredmedia":[{"embeddable":true,"href":"https:\/\/www.hirtenberg-apotheke.at\/katalog\/wp-json\/wp\/v2\/media\/89108"}],"wp:attachment":[{"href":"https:\/\/www.hirtenberg-apotheke.at\/katalog\/wp-json\/wp\/v2\/media?parent=89106"}],"wp:term":[{"taxonomy":"product_brand","embeddable":true,"href":"https:\/\/www.hirtenberg-apotheke.at\/katalog\/wp-json\/wp\/v2\/product_brand?post=89106"},{"taxonomy":"product_cat","embeddable":true,"href":"https:\/\/www.hirtenberg-apotheke.at\/katalog\/wp-json\/wp\/v2\/product_cat?post=89106"},{"taxonomy":"product_tag","embeddable":true,"href":"https:\/\/www.hirtenberg-apotheke.at\/katalog\/wp-json\/wp\/v2\/product_tag?post=89106"}],"curies":[{"name":"wp","href":"https:\/\/api.w.org\/{rel}","templated":true}]}}