{"id":89126,"date":"2025-12-02T17:16:02","date_gmt":"2025-12-02T16:16:02","guid":{"rendered":"https:\/\/www.hirtenberg-apotheke.at\/katalog\/produkt\/arthrobene-gelenksgel-gruen-30-ml\/"},"modified":"2025-12-02T17:16:43","modified_gmt":"2025-12-02T16:16:43","slug":"arthrobene-gelenksgel-gruen-30-ml","status":"publish","type":"product","link":"https:\/\/www.hirtenberg-apotheke.at\/katalog\/produkt\/arthrobene-gelenksgel-gruen-30-ml\/","title":{"rendered":"Arthrobene Gelenksgel gr\u00fcn 30 ml"},"content":{"rendered":"<p>Arthrobene Gelenksgel gr\u00fcn\u00a0mit 300 mg CBD als Antioxidans. Wohltuender Effekt\u00a0auf Gelenke, Sehnen und Schleimbeutel. Diese Eigenschaft beruht auf dem aktiven Abtransport von sch\u00e4digenden Stoffwechselprodukten aus dem Gewebe. Die pflanzlich-\u00e4therischen Naturstoffe werden von der Haut rasch aufgenommen und l\u00f6sen auch eine\u00a0ma\u00dfvolle K\u00fchlung\u00a0\u00fcber einen l\u00e4ngeren Zeitraum aus<\/p>\n","protected":false},"excerpt":{"rendered":"<p>Arthrobene Gelenksgel gr\u00fcn\u00a0mit 300 mg CBD als Antioxidans. Wohltuender Effekt\u00a0auf Gelenke, Sehnen und Schleimbeutel. Diese Eigenschaft beruht auf dem aktiven Abtransport von sch\u00e4digenden Stoffwechselprodukten aus dem Gewebe. Die pflanzlich-\u00e4therischen Naturstoffe werden von der Haut rasch aufgenommen und l\u00f6sen auch eine\u00a0ma\u00dfvolle K\u00fchlung\u00a0\u00fcber einen l\u00e4ngeren Zeitraum aus<\/p>\n","protected":false},"featured_media":89128,"template":"","meta":{"_acf_changed":false},"product_brand":[],"product_cat":[299],"product_tag":[],"class_list":{"0":"post-89126","1":"product","2":"type-product","3":"status-publish","4":"has-post-thumbnail","6":"product_cat-a","7":"pa_packungsgroesse-30ml","9":"first","10":"instock","11":"shipping-taxable","12":"purchasable","13":"product-type-simple"},"acf":[],"_links":{"self":[{"href":"https:\/\/www.hirtenberg-apotheke.at\/katalog\/wp-json\/wp\/v2\/product\/89126","targetHints":{"allow":["GET"]}}],"collection":[{"href":"https:\/\/www.hirtenberg-apotheke.at\/katalog\/wp-json\/wp\/v2\/product"}],"about":[{"href":"https:\/\/www.hirtenberg-apotheke.at\/katalog\/wp-json\/wp\/v2\/types\/product"}],"wp:featuredmedia":[{"embeddable":true,"href":"https:\/\/www.hirtenberg-apotheke.at\/katalog\/wp-json\/wp\/v2\/media\/89128"}],"wp:attachment":[{"href":"https:\/\/www.hirtenberg-apotheke.at\/katalog\/wp-json\/wp\/v2\/media?parent=89126"}],"wp:term":[{"taxonomy":"product_brand","embeddable":true,"href":"https:\/\/www.hirtenberg-apotheke.at\/katalog\/wp-json\/wp\/v2\/product_brand?post=89126"},{"taxonomy":"product_cat","embeddable":true,"href":"https:\/\/www.hirtenberg-apotheke.at\/katalog\/wp-json\/wp\/v2\/product_cat?post=89126"},{"taxonomy":"product_tag","embeddable":true,"href":"https:\/\/www.hirtenberg-apotheke.at\/katalog\/wp-json\/wp\/v2\/product_tag?post=89126"}],"curies":[{"name":"wp","href":"https:\/\/api.w.org\/{rel}","templated":true}]}}