{"id":89151,"date":"2025-12-02T17:17:01","date_gmt":"2025-12-02T16:17:01","guid":{"rendered":"https:\/\/www.hirtenberg-apotheke.at\/katalog\/produkt\/apo-stom-spag-peka-tropfen-50-ml\/"},"modified":"2025-12-02T17:17:28","modified_gmt":"2025-12-02T16:17:28","slug":"apo-stom-spag-peka-tropfen-50-ml","status":"publish","type":"product","link":"https:\/\/www.hirtenberg-apotheke.at\/katalog\/produkt\/apo-stom-spag-peka-tropfen-50-ml\/","title":{"rendered":"apo-STOM spag. Peka Tropfen 50 ml"},"content":{"rendered":"<p>apo-STOM spagyrische Peka Tropfen werden zur unterst\u00fctzenden Behandlung von S\u00e4urebeschwerden des Magens, Magen-Darmkatarrh mit Erbrechen und \u00dcbelkeit, Verdauungsschw\u00e4chen eingesetzt..<\/p>\n","protected":false},"excerpt":{"rendered":"<p>apo-STOM spagyrische Peka Tropfen werden zur unterst\u00fctzenden Behandlung von S\u00e4urebeschwerden des Magens, Magen-Darmkatarrh mit Erbrechen und \u00dcbelkeit, Verdauungsschw\u00e4chen eingesetzt..<\/p>\n","protected":false},"featured_media":89153,"template":"","meta":{"_acf_changed":false},"product_brand":[],"product_cat":[299],"product_tag":[],"class_list":{"0":"post-89151","1":"product","2":"type-product","3":"status-publish","4":"has-post-thumbnail","6":"product_cat-a","7":"pa_packungsgroesse-50ml","9":"first","10":"instock","11":"shipping-taxable","12":"purchasable","13":"product-type-simple"},"acf":[],"_links":{"self":[{"href":"https:\/\/www.hirtenberg-apotheke.at\/katalog\/wp-json\/wp\/v2\/product\/89151","targetHints":{"allow":["GET"]}}],"collection":[{"href":"https:\/\/www.hirtenberg-apotheke.at\/katalog\/wp-json\/wp\/v2\/product"}],"about":[{"href":"https:\/\/www.hirtenberg-apotheke.at\/katalog\/wp-json\/wp\/v2\/types\/product"}],"wp:featuredmedia":[{"embeddable":true,"href":"https:\/\/www.hirtenberg-apotheke.at\/katalog\/wp-json\/wp\/v2\/media\/89153"}],"wp:attachment":[{"href":"https:\/\/www.hirtenberg-apotheke.at\/katalog\/wp-json\/wp\/v2\/media?parent=89151"}],"wp:term":[{"taxonomy":"product_brand","embeddable":true,"href":"https:\/\/www.hirtenberg-apotheke.at\/katalog\/wp-json\/wp\/v2\/product_brand?post=89151"},{"taxonomy":"product_cat","embeddable":true,"href":"https:\/\/www.hirtenberg-apotheke.at\/katalog\/wp-json\/wp\/v2\/product_cat?post=89151"},{"taxonomy":"product_tag","embeddable":true,"href":"https:\/\/www.hirtenberg-apotheke.at\/katalog\/wp-json\/wp\/v2\/product_tag?post=89151"}],"curies":[{"name":"wp","href":"https:\/\/api.w.org\/{rel}","templated":true}]}}