{"id":89456,"date":"2025-12-02T17:23:15","date_gmt":"2025-12-02T16:23:15","guid":{"rendered":"https:\/\/www.hirtenberg-apotheke.at\/katalog\/produkt\/allergika-gesichtscreme-med-50-ml\/"},"modified":"2025-12-02T17:23:27","modified_gmt":"2025-12-02T16:23:27","slug":"allergika-gesichtscreme-med-50-ml","status":"publish","type":"product","link":"https:\/\/www.hirtenberg-apotheke.at\/katalog\/produkt\/allergika-gesichtscreme-med-50-ml\/","title":{"rendered":"Allergika Gesichtscreme MED 50 ml"},"content":{"rendered":"<p>Klinisch gepr\u00fcfte Wirksamkeit: 72% R\u00fcckgang der Symptome R\u00f6tung, Schuppung, Hauttrockenheit nach nur 3 Wochen*Einziges lipophiles, kortisonfreies Medizinprodukt zur Behandlung von atopischem, kontaktallergischem und irritativem GesichtsekzemHochwertige, hautverwandte Lipide (Ceramide, Squalan) starken die HautbarriereDermatologisch-allergologisch an atopischer Haut klinisch getestet**Patentierter Airless-Dispenser: Hygienisch bis zur letzten Anwendung.<\/p>\n","protected":false},"excerpt":{"rendered":"<p>Klinisch gepr\u00fcfte Wirksamkeit: 72% R\u00fcckgang der Symptome R\u00f6tung, Schuppung, Hauttrockenheit nach nur 3 Wochen*Einziges lipophiles, kortisonfreies Medizinprodukt zur Behandlung von atopischem, kontaktallergischem und irritativem GesichtsekzemHochwertige, hautverwandte Lipide (Ceramide, Squalan) starken die HautbarriereDermatologisch-allergologisch an atopischer Haut klinisch getestet**Patentierter Airless-Dispenser: Hygienisch bis zur letzten Anwendung.<\/p>\n","protected":false},"featured_media":0,"template":"","meta":{"_acf_changed":false},"product_brand":[366],"product_cat":[299],"product_tag":[],"class_list":{"0":"post-89456","1":"product","2":"type-product","3":"status-publish","5":"product_brand-allergika","6":"product_cat-a","7":"pa_packungsgroesse-50ml","9":"first","10":"instock","11":"shipping-taxable","12":"purchasable","13":"product-type-simple"},"acf":[],"_links":{"self":[{"href":"https:\/\/www.hirtenberg-apotheke.at\/katalog\/wp-json\/wp\/v2\/product\/89456","targetHints":{"allow":["GET"]}}],"collection":[{"href":"https:\/\/www.hirtenberg-apotheke.at\/katalog\/wp-json\/wp\/v2\/product"}],"about":[{"href":"https:\/\/www.hirtenberg-apotheke.at\/katalog\/wp-json\/wp\/v2\/types\/product"}],"wp:attachment":[{"href":"https:\/\/www.hirtenberg-apotheke.at\/katalog\/wp-json\/wp\/v2\/media?parent=89456"}],"wp:term":[{"taxonomy":"product_brand","embeddable":true,"href":"https:\/\/www.hirtenberg-apotheke.at\/katalog\/wp-json\/wp\/v2\/product_brand?post=89456"},{"taxonomy":"product_cat","embeddable":true,"href":"https:\/\/www.hirtenberg-apotheke.at\/katalog\/wp-json\/wp\/v2\/product_cat?post=89456"},{"taxonomy":"product_tag","embeddable":true,"href":"https:\/\/www.hirtenberg-apotheke.at\/katalog\/wp-json\/wp\/v2\/product_tag?post=89456"}],"curies":[{"name":"wp","href":"https:\/\/api.w.org\/{rel}","templated":true}]}}