{"id":89525,"date":"2025-12-02T17:24:56","date_gmt":"2025-12-02T16:24:56","guid":{"rendered":"https:\/\/www.hirtenberg-apotheke.at\/katalog\/produkt\/fruchtsaftbaeren-alpenland-kl-gemischt-150-g\/"},"modified":"2025-12-02T17:25:01","modified_gmt":"2025-12-02T16:25:01","slug":"fruchtsaftbaeren-alpenland-kl-gemischt-150-g","status":"publish","type":"product","link":"https:\/\/www.hirtenberg-apotheke.at\/katalog\/produkt\/fruchtsaftbaeren-alpenland-kl-gemischt-150-g\/","title":{"rendered":"Fruchtsaftb\u00e4ren Alpenland Kl Gemischt 150 g"},"content":{"rendered":"<p>Alpenland Gro\u00dfe Fruchtsaftb\u00e4ren Gemischt bieten ein au\u00dfergew\u00f6hnliches Geschmackserlebnis, welches generations\u00fcbergreifend gro\u00dfe und kleine Genie\u00dfer erreicht.<\/p>\n","protected":false},"excerpt":{"rendered":"<p>Alpenland Gro\u00dfe Fruchtsaftb\u00e4ren Gemischt bieten ein au\u00dfergew\u00f6hnliches Geschmackserlebnis, welches generations\u00fcbergreifend gro\u00dfe und kleine Genie\u00dfer erreicht.<\/p>\n","protected":false},"featured_media":0,"template":"","meta":{"_acf_changed":false},"product_brand":[],"product_cat":[322],"product_tag":[],"class_list":{"0":"post-89525","1":"product","2":"type-product","3":"status-publish","5":"product_cat-f","6":"pa_packungsgroesse-150g","8":"first","9":"instock","10":"shipping-taxable","11":"purchasable","12":"product-type-simple"},"acf":[],"_links":{"self":[{"href":"https:\/\/www.hirtenberg-apotheke.at\/katalog\/wp-json\/wp\/v2\/product\/89525","targetHints":{"allow":["GET"]}}],"collection":[{"href":"https:\/\/www.hirtenberg-apotheke.at\/katalog\/wp-json\/wp\/v2\/product"}],"about":[{"href":"https:\/\/www.hirtenberg-apotheke.at\/katalog\/wp-json\/wp\/v2\/types\/product"}],"wp:attachment":[{"href":"https:\/\/www.hirtenberg-apotheke.at\/katalog\/wp-json\/wp\/v2\/media?parent=89525"}],"wp:term":[{"taxonomy":"product_brand","embeddable":true,"href":"https:\/\/www.hirtenberg-apotheke.at\/katalog\/wp-json\/wp\/v2\/product_brand?post=89525"},{"taxonomy":"product_cat","embeddable":true,"href":"https:\/\/www.hirtenberg-apotheke.at\/katalog\/wp-json\/wp\/v2\/product_cat?post=89525"},{"taxonomy":"product_tag","embeddable":true,"href":"https:\/\/www.hirtenberg-apotheke.at\/katalog\/wp-json\/wp\/v2\/product_tag?post=89525"}],"curies":[{"name":"wp","href":"https:\/\/api.w.org\/{rel}","templated":true}]}}