{"id":89575,"date":"2025-12-02T17:25:55","date_gmt":"2025-12-02T16:25:55","guid":{"rendered":"https:\/\/www.hirtenberg-apotheke.at\/katalog\/produkt\/amo-lens-plus-ocupure-240-ml\/"},"modified":"2025-12-02T17:26:14","modified_gmt":"2025-12-02T16:26:14","slug":"amo-lens-plus-ocupure-240-ml","status":"publish","type":"product","link":"https:\/\/www.hirtenberg-apotheke.at\/katalog\/produkt\/amo-lens-plus-ocupure-240-ml\/","title":{"rendered":"Amo Lens Plus Ocupure 240 ml"},"content":{"rendered":"<p>Amo Lens Plus Ocupure ist eine innovative Absp\u00fcll\u00f6sung f\u00fcr alle Kontaktlinsen. Die hochwertige Lens Plus OcuPure Kochsalzl\u00f6sung eignet sich zum Absp\u00fclen, Benetzen und kurzfristigen Aufbewahren Ihrer Kontaktlinsen.<\/p>\n","protected":false},"excerpt":{"rendered":"<p>Amo Lens Plus Ocupure ist eine innovative Absp\u00fcll\u00f6sung f\u00fcr alle Kontaktlinsen. Die hochwertige Lens Plus OcuPure Kochsalzl\u00f6sung eignet sich zum Absp\u00fclen, Benetzen und kurzfristigen Aufbewahren Ihrer Kontaktlinsen.<\/p>\n","protected":false},"featured_media":89577,"template":"","meta":{"_acf_changed":false},"product_brand":[],"product_cat":[299],"product_tag":[],"class_list":{"0":"post-89575","1":"product","2":"type-product","3":"status-publish","4":"has-post-thumbnail","6":"product_cat-a","7":"pa_packungsgroesse-240ml","9":"first","10":"instock","11":"shipping-taxable","12":"purchasable","13":"product-type-simple"},"acf":[],"_links":{"self":[{"href":"https:\/\/www.hirtenberg-apotheke.at\/katalog\/wp-json\/wp\/v2\/product\/89575","targetHints":{"allow":["GET"]}}],"collection":[{"href":"https:\/\/www.hirtenberg-apotheke.at\/katalog\/wp-json\/wp\/v2\/product"}],"about":[{"href":"https:\/\/www.hirtenberg-apotheke.at\/katalog\/wp-json\/wp\/v2\/types\/product"}],"wp:featuredmedia":[{"embeddable":true,"href":"https:\/\/www.hirtenberg-apotheke.at\/katalog\/wp-json\/wp\/v2\/media\/89577"}],"wp:attachment":[{"href":"https:\/\/www.hirtenberg-apotheke.at\/katalog\/wp-json\/wp\/v2\/media?parent=89575"}],"wp:term":[{"taxonomy":"product_brand","embeddable":true,"href":"https:\/\/www.hirtenberg-apotheke.at\/katalog\/wp-json\/wp\/v2\/product_brand?post=89575"},{"taxonomy":"product_cat","embeddable":true,"href":"https:\/\/www.hirtenberg-apotheke.at\/katalog\/wp-json\/wp\/v2\/product_cat?post=89575"},{"taxonomy":"product_tag","embeddable":true,"href":"https:\/\/www.hirtenberg-apotheke.at\/katalog\/wp-json\/wp\/v2\/product_tag?post=89575"}],"curies":[{"name":"wp","href":"https:\/\/api.w.org\/{rel}","templated":true}]}}