{"id":89597,"date":"2025-12-02T17:26:32","date_gmt":"2025-12-02T16:26:32","guid":{"rendered":"https:\/\/www.hirtenberg-apotheke.at\/katalog\/produkt\/amo-totalcare-cleaner\/"},"modified":"2025-12-02T17:26:36","modified_gmt":"2025-12-02T16:26:36","slug":"amo-totalcare-cleaner","status":"publish","type":"product","link":"https:\/\/www.hirtenberg-apotheke.at\/katalog\/produkt\/amo-totalcare-cleaner\/","title":{"rendered":"Amo Totalcare Cleaner"},"content":{"rendered":"<p>Amo Totalcare Cleaner ist eine intensive Reinigung speziell f\u00fcr Ihre harten Kontaktlinsen! Der Total Care Reiniger ist eine Reinigungsl\u00f6sung zur t\u00e4glichen Oberfl\u00e4chenreinigung Ihrer harten und formstabilen Kontaktlinsen.<\/p>\n","protected":false},"excerpt":{"rendered":"<p>Amo Totalcare Cleaner ist eine intensive Reinigung speziell f\u00fcr Ihre harten Kontaktlinsen! Der Total Care Reiniger ist eine Reinigungsl\u00f6sung zur t\u00e4glichen Oberfl\u00e4chenreinigung Ihrer harten und formstabilen Kontaktlinsen.<\/p>\n","protected":false},"featured_media":89599,"template":"","meta":{"_acf_changed":false},"product_brand":[],"product_cat":[299],"product_tag":[],"class_list":{"0":"post-89597","1":"product","2":"type-product","3":"status-publish","4":"has-post-thumbnail","6":"product_cat-a","7":"pa_packungsgroesse-30ml","9":"first","10":"instock","11":"shipping-taxable","12":"purchasable","13":"product-type-simple"},"acf":[],"_links":{"self":[{"href":"https:\/\/www.hirtenberg-apotheke.at\/katalog\/wp-json\/wp\/v2\/product\/89597","targetHints":{"allow":["GET"]}}],"collection":[{"href":"https:\/\/www.hirtenberg-apotheke.at\/katalog\/wp-json\/wp\/v2\/product"}],"about":[{"href":"https:\/\/www.hirtenberg-apotheke.at\/katalog\/wp-json\/wp\/v2\/types\/product"}],"wp:featuredmedia":[{"embeddable":true,"href":"https:\/\/www.hirtenberg-apotheke.at\/katalog\/wp-json\/wp\/v2\/media\/89599"}],"wp:attachment":[{"href":"https:\/\/www.hirtenberg-apotheke.at\/katalog\/wp-json\/wp\/v2\/media?parent=89597"}],"wp:term":[{"taxonomy":"product_brand","embeddable":true,"href":"https:\/\/www.hirtenberg-apotheke.at\/katalog\/wp-json\/wp\/v2\/product_brand?post=89597"},{"taxonomy":"product_cat","embeddable":true,"href":"https:\/\/www.hirtenberg-apotheke.at\/katalog\/wp-json\/wp\/v2\/product_cat?post=89597"},{"taxonomy":"product_tag","embeddable":true,"href":"https:\/\/www.hirtenberg-apotheke.at\/katalog\/wp-json\/wp\/v2\/product_tag?post=89597"}],"curies":[{"name":"wp","href":"https:\/\/api.w.org\/{rel}","templated":true}]}}