{"id":89813,"date":"2025-12-02T17:31:13","date_gmt":"2025-12-02T16:31:13","guid":{"rendered":"https:\/\/www.hirtenberg-apotheke.at\/katalog\/produkt\/weleda-argentit-d-6-trituration-20-g-d-6-trituration\/"},"modified":"2025-12-02T17:31:18","modified_gmt":"2025-12-02T16:31:18","slug":"weleda-argentit-d-6-trituration-20-g-d-6-trituration","status":"publish","type":"product","link":"https:\/\/www.hirtenberg-apotheke.at\/katalog\/produkt\/weleda-argentit-d-6-trituration-20-g-d-6-trituration\/","title":{"rendered":"Weleda Argentit D 6 Trituration 20 g D 6 Trituration"},"content":{"rendered":"<p>Die hom\u00f6opathisch-anthroposophischen Arzneimittel von Weleda werden auf Grundlage eines einzigartigen Menschen- und Naturverst\u00e4ndnisses entwickelt. Der Mensch ist f\u00fcr Weleda ein Wesen aus K\u00f6rper, Geist, Seele und Bewusstsein<\/p>\n","protected":false},"excerpt":{"rendered":"<p>Die hom\u00f6opathisch-anthroposophischen Arzneimittel von Weleda werden auf Grundlage eines einzigartigen Menschen- und Naturverst\u00e4ndnisses entwickelt. Der Mensch ist f\u00fcr Weleda ein Wesen aus K\u00f6rper, Geist, Seele und Bewusstsein<\/p>\n","protected":false},"featured_media":0,"template":"","meta":{"_acf_changed":false},"product_brand":[554],"product_cat":[368],"product_tag":[],"class_list":{"0":"post-89813","1":"product","2":"type-product","3":"status-publish","5":"product_brand-weleda","6":"product_cat-w","7":"pa_packungsgroesse-20g","9":"first","10":"instock","11":"shipping-taxable","12":"purchasable","13":"product-type-simple"},"acf":[],"_links":{"self":[{"href":"https:\/\/www.hirtenberg-apotheke.at\/katalog\/wp-json\/wp\/v2\/product\/89813","targetHints":{"allow":["GET"]}}],"collection":[{"href":"https:\/\/www.hirtenberg-apotheke.at\/katalog\/wp-json\/wp\/v2\/product"}],"about":[{"href":"https:\/\/www.hirtenberg-apotheke.at\/katalog\/wp-json\/wp\/v2\/types\/product"}],"wp:attachment":[{"href":"https:\/\/www.hirtenberg-apotheke.at\/katalog\/wp-json\/wp\/v2\/media?parent=89813"}],"wp:term":[{"taxonomy":"product_brand","embeddable":true,"href":"https:\/\/www.hirtenberg-apotheke.at\/katalog\/wp-json\/wp\/v2\/product_brand?post=89813"},{"taxonomy":"product_cat","embeddable":true,"href":"https:\/\/www.hirtenberg-apotheke.at\/katalog\/wp-json\/wp\/v2\/product_cat?post=89813"},{"taxonomy":"product_tag","embeddable":true,"href":"https:\/\/www.hirtenberg-apotheke.at\/katalog\/wp-json\/wp\/v2\/product_tag?post=89813"}],"curies":[{"name":"wp","href":"https:\/\/api.w.org\/{rel}","templated":true}]}}