{"id":89827,"date":"2025-12-02T17:31:25","date_gmt":"2025-12-02T16:31:25","guid":{"rendered":"https:\/\/www.hirtenberg-apotheke.at\/katalog\/produkt\/weleda-arnica-planta-t-50-ml-d-6-dilutum\/"},"modified":"2025-12-02T17:31:26","modified_gmt":"2025-12-02T16:31:26","slug":"weleda-arnica-planta-t-50-ml-d-6-dilutum","status":"publish","type":"product","link":"https:\/\/www.hirtenberg-apotheke.at\/katalog\/produkt\/weleda-arnica-planta-t-50-ml-d-6-dilutum\/","title":{"rendered":"Weleda Arnica Planta T 50 ml D 6 Dilutum"},"content":{"rendered":"<p>Weleda Arnica Planta dient der Anregung und Harmonisierung der Stoffwechsel- und Formprozesse bei Gewebs- und Organsch\u00e4digungen, besonders nach mechanischen Einwirkungen und bei St\u00f6rungen der Blutversorgung. So wird das Mittel bei Einschr\u00e4nkungen der willk\u00fcrlichen Beweglichkeit, Muskelkater, Zerrungen, Quetschungen oder auch Sp\u00e4tfolgen schwerer psychischer Erlebnisse eingesetzt.<\/p>\n","protected":false},"excerpt":{"rendered":"<p>Weleda Arnica Planta dient der Anregung und Harmonisierung der Stoffwechsel- und Formprozesse bei Gewebs- und Organsch\u00e4digungen, besonders nach mechanischen Einwirkungen und bei St\u00f6rungen der Blutversorgung. So wird das Mittel bei Einschr\u00e4nkungen der willk\u00fcrlichen Beweglichkeit, Muskelkater, Zerrungen, Quetschungen oder auch Sp\u00e4tfolgen schwerer psychischer Erlebnisse eingesetzt.<\/p>\n","protected":false},"featured_media":0,"template":"","meta":{"_acf_changed":false},"product_brand":[554],"product_cat":[368],"product_tag":[],"class_list":{"0":"post-89827","1":"product","2":"type-product","3":"status-publish","5":"product_brand-weleda","6":"product_cat-w","7":"pa_packungsgroesse-50ml","9":"first","10":"instock","11":"shipping-taxable","12":"purchasable","13":"product-type-simple"},"acf":[],"_links":{"self":[{"href":"https:\/\/www.hirtenberg-apotheke.at\/katalog\/wp-json\/wp\/v2\/product\/89827","targetHints":{"allow":["GET"]}}],"collection":[{"href":"https:\/\/www.hirtenberg-apotheke.at\/katalog\/wp-json\/wp\/v2\/product"}],"about":[{"href":"https:\/\/www.hirtenberg-apotheke.at\/katalog\/wp-json\/wp\/v2\/types\/product"}],"wp:attachment":[{"href":"https:\/\/www.hirtenberg-apotheke.at\/katalog\/wp-json\/wp\/v2\/media?parent=89827"}],"wp:term":[{"taxonomy":"product_brand","embeddable":true,"href":"https:\/\/www.hirtenberg-apotheke.at\/katalog\/wp-json\/wp\/v2\/product_brand?post=89827"},{"taxonomy":"product_cat","embeddable":true,"href":"https:\/\/www.hirtenberg-apotheke.at\/katalog\/wp-json\/wp\/v2\/product_cat?post=89827"},{"taxonomy":"product_tag","embeddable":true,"href":"https:\/\/www.hirtenberg-apotheke.at\/katalog\/wp-json\/wp\/v2\/product_tag?post=89827"}],"curies":[{"name":"wp","href":"https:\/\/api.w.org\/{rel}","templated":true}]}}