{"id":89908,"date":"2025-12-02T17:32:32","date_gmt":"2025-12-02T16:32:32","guid":{"rendered":"https:\/\/www.hirtenberg-apotheke.at\/katalog\/produkt\/asparagus-racemosus-420-kapseln-100-stk\/"},"modified":"2025-12-02T17:32:36","modified_gmt":"2025-12-02T16:32:36","slug":"asparagus-racemosus-420-kapseln-100-stk","status":"publish","type":"product","link":"https:\/\/www.hirtenberg-apotheke.at\/katalog\/produkt\/asparagus-racemosus-420-kapseln-100-stk\/","title":{"rendered":"Asparagus Racemosus 420 Kapseln 100 Stk."},"content":{"rendered":"<p>Asparagus Racemosus Kapseln werden aus Shatavari gewonnen und bei Wechseljahrbeschwerden, Unfruchtbarkeit und zu langer Periode angewendet. Durch ihre schleiml\u00f6sende Wirkung werden sie ebenso Atemwegsbeschwerden eingesetzt. Au\u00dferdem empfiehlt sich Shatavari bei Problemen im Magen sowie bei Ersch\u00f6pfung, Nervenschw\u00e4che und Abmagerung.<\/p>\n","protected":false},"excerpt":{"rendered":"<p>Asparagus Racemosus Kapseln werden aus Shatavari gewonnen und bei Wechseljahrbeschwerden, Unfruchtbarkeit und zu langer Periode angewendet. Durch ihre schleiml\u00f6sende Wirkung werden sie ebenso Atemwegsbeschwerden eingesetzt. Au\u00dferdem empfiehlt sich Shatavari bei Problemen im Magen sowie bei Ersch\u00f6pfung, Nervenschw\u00e4che und Abmagerung.<\/p>\n","protected":false},"featured_media":0,"template":"","meta":{"_acf_changed":false},"product_brand":[],"product_cat":[299],"product_tag":[],"class_list":{"0":"post-89908","1":"product","2":"type-product","3":"status-publish","5":"product_cat-a","6":"pa_packungsgroesse-100-stueck","8":"first","9":"instock","10":"shipping-taxable","11":"purchasable","12":"product-type-simple"},"acf":[],"_links":{"self":[{"href":"https:\/\/www.hirtenberg-apotheke.at\/katalog\/wp-json\/wp\/v2\/product\/89908","targetHints":{"allow":["GET"]}}],"collection":[{"href":"https:\/\/www.hirtenberg-apotheke.at\/katalog\/wp-json\/wp\/v2\/product"}],"about":[{"href":"https:\/\/www.hirtenberg-apotheke.at\/katalog\/wp-json\/wp\/v2\/types\/product"}],"wp:attachment":[{"href":"https:\/\/www.hirtenberg-apotheke.at\/katalog\/wp-json\/wp\/v2\/media?parent=89908"}],"wp:term":[{"taxonomy":"product_brand","embeddable":true,"href":"https:\/\/www.hirtenberg-apotheke.at\/katalog\/wp-json\/wp\/v2\/product_brand?post=89908"},{"taxonomy":"product_cat","embeddable":true,"href":"https:\/\/www.hirtenberg-apotheke.at\/katalog\/wp-json\/wp\/v2\/product_cat?post=89908"},{"taxonomy":"product_tag","embeddable":true,"href":"https:\/\/www.hirtenberg-apotheke.at\/katalog\/wp-json\/wp\/v2\/product_tag?post=89908"}],"curies":[{"name":"wp","href":"https:\/\/api.w.org\/{rel}","templated":true}]}}