{"id":89964,"date":"2025-12-02T17:34:13","date_gmt":"2025-12-02T16:34:13","guid":{"rendered":"https:\/\/www.hirtenberg-apotheke.at\/katalog\/produkt\/attends-waschhandschuhe\/"},"modified":"2025-12-02T17:34:21","modified_gmt":"2025-12-02T16:34:21","slug":"attends-waschhandschuhe","status":"publish","type":"product","link":"https:\/\/www.hirtenberg-apotheke.at\/katalog\/produkt\/attends-waschhandschuhe\/","title":{"rendered":"Attends Waschhandschuhe"},"content":{"rendered":"<ul>\n<li>Einmalwaschhandschuhe<\/li>\n<li>Weich und griffig.<\/li>\n<li>F\u00fcr das Auftragen von Waschlotion oder Reinigungsschaum.<\/li>\n<li>50 St\u00fcck in der Packung.<\/li>\n<li>Hautschonend und hygienisch.<\/li>\n<li>Bitte im Restm\u00fcll entsorgen.<\/li>\n<\/ul>\n","protected":false},"excerpt":{"rendered":"<p>Einmalwaschhandschuhe Weich und griffig. F\u00fcr das Auftragen von Waschlotion oder Reinigungsschaum. 50 St\u00fcck in der Packung. Hautschonend und hygienisch. Bitte im Restm\u00fcll entsorgen.<\/p>\n","protected":false},"featured_media":89966,"template":"","meta":{"_acf_changed":false},"product_brand":[803],"product_cat":[299],"product_tag":[],"class_list":{"0":"post-89964","1":"product","2":"type-product","3":"status-publish","4":"has-post-thumbnail","6":"product_brand-attends","7":"product_cat-a","8":"pa_packungsgroesse-50-stueck","10":"first","11":"instock","12":"shipping-taxable","13":"purchasable","14":"product-type-simple"},"acf":[],"_links":{"self":[{"href":"https:\/\/www.hirtenberg-apotheke.at\/katalog\/wp-json\/wp\/v2\/product\/89964","targetHints":{"allow":["GET"]}}],"collection":[{"href":"https:\/\/www.hirtenberg-apotheke.at\/katalog\/wp-json\/wp\/v2\/product"}],"about":[{"href":"https:\/\/www.hirtenberg-apotheke.at\/katalog\/wp-json\/wp\/v2\/types\/product"}],"wp:featuredmedia":[{"embeddable":true,"href":"https:\/\/www.hirtenberg-apotheke.at\/katalog\/wp-json\/wp\/v2\/media\/89966"}],"wp:attachment":[{"href":"https:\/\/www.hirtenberg-apotheke.at\/katalog\/wp-json\/wp\/v2\/media?parent=89964"}],"wp:term":[{"taxonomy":"product_brand","embeddable":true,"href":"https:\/\/www.hirtenberg-apotheke.at\/katalog\/wp-json\/wp\/v2\/product_brand?post=89964"},{"taxonomy":"product_cat","embeddable":true,"href":"https:\/\/www.hirtenberg-apotheke.at\/katalog\/wp-json\/wp\/v2\/product_cat?post=89964"},{"taxonomy":"product_tag","embeddable":true,"href":"https:\/\/www.hirtenberg-apotheke.at\/katalog\/wp-json\/wp\/v2\/product_tag?post=89964"}],"curies":[{"name":"wp","href":"https:\/\/api.w.org\/{rel}","templated":true}]}}