{"id":89991,"date":"2025-12-02T17:34:36","date_gmt":"2025-12-02T16:34:36","guid":{"rendered":"https:\/\/www.hirtenberg-apotheke.at\/katalog\/produkt\/autsch-go-elastische-bandage-limette-50-mm-1-stk\/"},"modified":"2025-12-02T17:34:45","modified_gmt":"2025-12-02T16:34:45","slug":"autsch-go-elastische-bandage-limette-50-mm-1-stk","status":"publish","type":"product","link":"https:\/\/www.hirtenberg-apotheke.at\/katalog\/produkt\/autsch-go-elastische-bandage-limette-50-mm-1-stk\/","title":{"rendered":"Autsch &#038; go Elastische Bandage Limette 50 mm 1 Stk."},"content":{"rendered":"<p>autsch &#038; go HA Elastische Bandage passt sich jeder K\u00f6rperform an, ist schwei\u00df- und wasserbest\u00e4ndig, hautfreundlich, atmungsaktiv und sehr robust. Dass sie rutschfest ist, nicht an Haut und Haaren haftet und von Hand (ohne Schere!) von der Rolle abgetrennt werden kann, ist eine weitere Besonderheit der B\u00e4nder.<\/p>\n","protected":false},"excerpt":{"rendered":"<p>autsch &#038; go HA Elastische Bandage passt sich jeder K\u00f6rperform an, ist schwei\u00df- und wasserbest\u00e4ndig, hautfreundlich, atmungsaktiv und sehr robust. Dass sie rutschfest ist, nicht an Haut und Haaren haftet und von Hand (ohne Schere!) von der Rolle abgetrennt werden kann, ist eine weitere Besonderheit der B\u00e4nder.<\/p>\n","protected":false},"featured_media":89993,"template":"","meta":{"_acf_changed":false},"product_brand":[],"product_cat":[299],"product_tag":[],"class_list":{"0":"post-89991","1":"product","2":"type-product","3":"status-publish","4":"has-post-thumbnail","6":"product_cat-a","7":"pa_packungsgroesse-1-stueck","9":"first","10":"instock","11":"shipping-taxable","12":"purchasable","13":"product-type-simple"},"acf":[],"_links":{"self":[{"href":"https:\/\/www.hirtenberg-apotheke.at\/katalog\/wp-json\/wp\/v2\/product\/89991","targetHints":{"allow":["GET"]}}],"collection":[{"href":"https:\/\/www.hirtenberg-apotheke.at\/katalog\/wp-json\/wp\/v2\/product"}],"about":[{"href":"https:\/\/www.hirtenberg-apotheke.at\/katalog\/wp-json\/wp\/v2\/types\/product"}],"wp:featuredmedia":[{"embeddable":true,"href":"https:\/\/www.hirtenberg-apotheke.at\/katalog\/wp-json\/wp\/v2\/media\/89993"}],"wp:attachment":[{"href":"https:\/\/www.hirtenberg-apotheke.at\/katalog\/wp-json\/wp\/v2\/media?parent=89991"}],"wp:term":[{"taxonomy":"product_brand","embeddable":true,"href":"https:\/\/www.hirtenberg-apotheke.at\/katalog\/wp-json\/wp\/v2\/product_brand?post=89991"},{"taxonomy":"product_cat","embeddable":true,"href":"https:\/\/www.hirtenberg-apotheke.at\/katalog\/wp-json\/wp\/v2\/product_cat?post=89991"},{"taxonomy":"product_tag","embeddable":true,"href":"https:\/\/www.hirtenberg-apotheke.at\/katalog\/wp-json\/wp\/v2\/product_tag?post=89991"}],"curies":[{"name":"wp","href":"https:\/\/api.w.org\/{rel}","templated":true}]}}