{"id":90106,"date":"2025-12-02T17:37:32","date_gmt":"2025-12-02T16:37:32","guid":{"rendered":"https:\/\/www.hirtenberg-apotheke.at\/katalog\/produkt\/adler-bachblueten-oak-tropfen-30-ml\/"},"modified":"2025-12-02T17:37:35","modified_gmt":"2025-12-02T16:37:35","slug":"adler-bachblueten-oak-tropfen-30-ml","status":"publish","type":"product","link":"https:\/\/www.hirtenberg-apotheke.at\/katalog\/produkt\/adler-bachblueten-oak-tropfen-30-ml\/","title":{"rendered":"Adler Bachbl\u00fcten Oak Tropfen 30 ml"},"content":{"rendered":"<p>Adler Bachbl\u00fcten Oak Tropfen 30 ml sind Teil der &#8222;Sieben Helfer&#8220; und k\u00f6nnen bei andauernder, schlechter Verfassung unterst\u00fctzen. Oak Tropfen eignen sich besonders f\u00fcr Menschen, die nicht nach- oder aufgeben k\u00f6nnen und k\u00f6nnen bei Sturheit, Unnachgiebigkeit, Selbstaufopferung und Dauerstress unterst\u00fctzend wirken.<\/p>\n","protected":false},"excerpt":{"rendered":"<p>Adler Bachbl\u00fcten Oak Tropfen 30 ml sind Teil der &#8222;Sieben Helfer&#8220; und k\u00f6nnen bei andauernder, schlechter Verfassung unterst\u00fctzen. Oak Tropfen eignen sich besonders f\u00fcr Menschen, die nicht nach- oder aufgeben k\u00f6nnen und k\u00f6nnen bei Sturheit, Unnachgiebigkeit, Selbstaufopferung und Dauerstress unterst\u00fctzend wirken.<\/p>\n","protected":false},"featured_media":90108,"template":"","meta":{"_acf_changed":false},"product_brand":[],"product_cat":[299],"product_tag":[],"class_list":{"0":"post-90106","1":"product","2":"type-product","3":"status-publish","4":"has-post-thumbnail","6":"product_cat-a","7":"pa_packungsgroesse-30ml","9":"first","10":"instock","11":"shipping-taxable","12":"purchasable","13":"product-type-simple"},"acf":[],"_links":{"self":[{"href":"https:\/\/www.hirtenberg-apotheke.at\/katalog\/wp-json\/wp\/v2\/product\/90106","targetHints":{"allow":["GET"]}}],"collection":[{"href":"https:\/\/www.hirtenberg-apotheke.at\/katalog\/wp-json\/wp\/v2\/product"}],"about":[{"href":"https:\/\/www.hirtenberg-apotheke.at\/katalog\/wp-json\/wp\/v2\/types\/product"}],"wp:featuredmedia":[{"embeddable":true,"href":"https:\/\/www.hirtenberg-apotheke.at\/katalog\/wp-json\/wp\/v2\/media\/90108"}],"wp:attachment":[{"href":"https:\/\/www.hirtenberg-apotheke.at\/katalog\/wp-json\/wp\/v2\/media?parent=90106"}],"wp:term":[{"taxonomy":"product_brand","embeddable":true,"href":"https:\/\/www.hirtenberg-apotheke.at\/katalog\/wp-json\/wp\/v2\/product_brand?post=90106"},{"taxonomy":"product_cat","embeddable":true,"href":"https:\/\/www.hirtenberg-apotheke.at\/katalog\/wp-json\/wp\/v2\/product_cat?post=90106"},{"taxonomy":"product_tag","embeddable":true,"href":"https:\/\/www.hirtenberg-apotheke.at\/katalog\/wp-json\/wp\/v2\/product_tag?post=90106"}],"curies":[{"name":"wp","href":"https:\/\/api.w.org\/{rel}","templated":true}]}}