{"id":90240,"date":"2025-12-02T17:40:30","date_gmt":"2025-12-02T16:40:30","guid":{"rendered":"https:\/\/www.hirtenberg-apotheke.at\/katalog\/produkt\/rescue-plus-bonbons-42-g\/"},"modified":"2025-12-02T17:40:34","modified_gmt":"2025-12-02T16:40:34","slug":"rescue-plus-bonbons-42-g","status":"publish","type":"product","link":"https:\/\/www.hirtenberg-apotheke.at\/katalog\/produkt\/rescue-plus-bonbons-42-g\/","title":{"rendered":"RESCUE Plus Bonbons 42 g"},"content":{"rendered":"<p>Das RESCUE\u00ae Plus Bonbons enth\u00e4lt OriginalBach-Bl\u00fctenessenzen\u00ae plus Vitamin B5 und B12.Vitamin B5 tr\u00e4gt zu einer normalen mentalenLeistung bei. Vitamin B12 tr\u00e4gt zu einernormalen Funktion des Nervensystems bei. Mitnat\u00fcrlichen Aromen.RESCUE\u00ae ist eine Mischung aus den OriginalBach-Bl\u00fctenessenzen\u00ae: Rock Rose, Clematis,Impatiens, Cherry Plum, Star of Bethlehem.Zuckerfreie Bonbons mit Bach-Bl\u00fctenessenzen\u00ae,Vitaminen und S\u00fc\u00dfungsmitteln in derGeschmacksrichtung Orange-Holunder.<\/p>\n","protected":false},"excerpt":{"rendered":"<p>Das RESCUE\u00ae Plus Bonbons enth\u00e4lt OriginalBach-Bl\u00fctenessenzen\u00ae plus Vitamin B5 und B12.Vitamin B5 tr\u00e4gt zu einer normalen mentalenLeistung bei. Vitamin B12 tr\u00e4gt zu einernormalen Funktion des Nervensystems bei. Mitnat\u00fcrlichen Aromen.RESCUE\u00ae ist eine Mischung aus den OriginalBach-Bl\u00fctenessenzen\u00ae: Rock Rose, Clematis,Impatiens, Cherry Plum, Star of Bethlehem.Zuckerfreie Bonbons mit Bach-Bl\u00fctenessenzen\u00ae,Vitaminen und S\u00fc\u00dfungsmitteln in derGeschmacksrichtung Orange-Holunder.<\/p>\n","protected":false},"featured_media":0,"template":"","meta":{"_acf_changed":false},"product_brand":[],"product_cat":[311],"product_tag":[],"class_list":{"0":"post-90240","1":"product","2":"type-product","3":"status-publish","5":"product_cat-r","6":"pa_packungsgroesse-10-stueck","8":"first","9":"instock","10":"shipping-taxable","11":"purchasable","12":"product-type-simple"},"acf":[],"_links":{"self":[{"href":"https:\/\/www.hirtenberg-apotheke.at\/katalog\/wp-json\/wp\/v2\/product\/90240","targetHints":{"allow":["GET"]}}],"collection":[{"href":"https:\/\/www.hirtenberg-apotheke.at\/katalog\/wp-json\/wp\/v2\/product"}],"about":[{"href":"https:\/\/www.hirtenberg-apotheke.at\/katalog\/wp-json\/wp\/v2\/types\/product"}],"wp:attachment":[{"href":"https:\/\/www.hirtenberg-apotheke.at\/katalog\/wp-json\/wp\/v2\/media?parent=90240"}],"wp:term":[{"taxonomy":"product_brand","embeddable":true,"href":"https:\/\/www.hirtenberg-apotheke.at\/katalog\/wp-json\/wp\/v2\/product_brand?post=90240"},{"taxonomy":"product_cat","embeddable":true,"href":"https:\/\/www.hirtenberg-apotheke.at\/katalog\/wp-json\/wp\/v2\/product_cat?post=90240"},{"taxonomy":"product_tag","embeddable":true,"href":"https:\/\/www.hirtenberg-apotheke.at\/katalog\/wp-json\/wp\/v2\/product_tag?post=90240"}],"curies":[{"name":"wp","href":"https:\/\/api.w.org\/{rel}","templated":true}]}}