{"id":90265,"date":"2025-12-02T17:40:50","date_gmt":"2025-12-02T16:40:50","guid":{"rendered":"https:\/\/www.hirtenberg-apotheke.at\/katalog\/produkt\/murnauers-kinder-bachblueten-kopf-hoch-globuli-10-g\/"},"modified":"2025-12-02T17:41:05","modified_gmt":"2025-12-02T16:41:05","slug":"murnauers-kinder-bachblueten-kopf-hoch-globuli-10-g","status":"publish","type":"product","link":"https:\/\/www.hirtenberg-apotheke.at\/katalog\/produkt\/murnauers-kinder-bachblueten-kopf-hoch-globuli-10-g\/","title":{"rendered":"Murnauers Kinder Bachbl\u00fcten Kopf hoch Globuli 10 g"},"content":{"rendered":"<p>Murnauers Bachbl\u00fcten Kinder Kopf hoch Globuli ist die nat\u00fcrliche Unterst\u00fctzung in traurigen Situationen im Leben. Helfen k\u00f6nnen dabei neben elterliche Liebe Bachbl\u00fcten von Murnauer. Sie spenden Trost und neuen Trost.<\/p>\n","protected":false},"excerpt":{"rendered":"<p>Murnauers Bachbl\u00fcten Kinder Kopf hoch Globuli ist die nat\u00fcrliche Unterst\u00fctzung in traurigen Situationen im Leben. Helfen k\u00f6nnen dabei neben elterliche Liebe Bachbl\u00fcten von Murnauer. Sie spenden Trost und neuen Trost.<\/p>\n","protected":false},"featured_media":90267,"template":"","meta":{"_acf_changed":false},"product_brand":[],"product_cat":[308],"product_tag":[],"class_list":{"0":"post-90265","1":"product","2":"type-product","3":"status-publish","4":"has-post-thumbnail","6":"product_cat-m","7":"pa_packungsgroesse-10g","9":"first","10":"instock","11":"shipping-taxable","12":"purchasable","13":"product-type-simple"},"acf":[],"_links":{"self":[{"href":"https:\/\/www.hirtenberg-apotheke.at\/katalog\/wp-json\/wp\/v2\/product\/90265","targetHints":{"allow":["GET"]}}],"collection":[{"href":"https:\/\/www.hirtenberg-apotheke.at\/katalog\/wp-json\/wp\/v2\/product"}],"about":[{"href":"https:\/\/www.hirtenberg-apotheke.at\/katalog\/wp-json\/wp\/v2\/types\/product"}],"wp:featuredmedia":[{"embeddable":true,"href":"https:\/\/www.hirtenberg-apotheke.at\/katalog\/wp-json\/wp\/v2\/media\/90267"}],"wp:attachment":[{"href":"https:\/\/www.hirtenberg-apotheke.at\/katalog\/wp-json\/wp\/v2\/media?parent=90265"}],"wp:term":[{"taxonomy":"product_brand","embeddable":true,"href":"https:\/\/www.hirtenberg-apotheke.at\/katalog\/wp-json\/wp\/v2\/product_brand?post=90265"},{"taxonomy":"product_cat","embeddable":true,"href":"https:\/\/www.hirtenberg-apotheke.at\/katalog\/wp-json\/wp\/v2\/product_cat?post=90265"},{"taxonomy":"product_tag","embeddable":true,"href":"https:\/\/www.hirtenberg-apotheke.at\/katalog\/wp-json\/wp\/v2\/product_tag?post=90265"}],"curies":[{"name":"wp","href":"https:\/\/api.w.org\/{rel}","templated":true}]}}