{"id":90268,"date":"2025-12-02T17:41:04","date_gmt":"2025-12-02T16:41:04","guid":{"rendered":"https:\/\/www.hirtenberg-apotheke.at\/katalog\/produkt\/murnauers-bachblueten-notfall-bonbons-50-g\/"},"modified":"2025-12-02T17:41:07","modified_gmt":"2025-12-02T16:41:07","slug":"murnauers-bachblueten-notfall-bonbons-50-g","status":"publish","type":"product","link":"https:\/\/www.hirtenberg-apotheke.at\/katalog\/produkt\/murnauers-bachblueten-notfall-bonbons-50-g\/","title":{"rendered":"Murnauers Bachbl\u00fcten Notfall Bonbons 50 g"},"content":{"rendered":"<p>Murnauers Bachbl\u00fcten Notfall Bonbons mit der Original Englischen Bachbl\u00fcten-Komposition wirkt beruhigend bei innerer Unruhe, Stress oder auch Pr\u00fcfungsangst. Ohne Zucker, ohne Alkohol.<\/p>\n","protected":false},"excerpt":{"rendered":"<p>Murnauers Bachbl\u00fcten Notfall Bonbons mit der Original Englischen Bachbl\u00fcten-Komposition wirkt beruhigend bei innerer Unruhe, Stress oder auch Pr\u00fcfungsangst. Ohne Zucker, ohne Alkohol.<\/p>\n","protected":false},"featured_media":90270,"template":"","meta":{"_acf_changed":false},"product_brand":[],"product_cat":[308],"product_tag":[],"class_list":{"0":"post-90268","1":"product","2":"type-product","3":"status-publish","4":"has-post-thumbnail","6":"product_cat-m","7":"pa_packungsgroesse-50g","9":"first","10":"instock","11":"shipping-taxable","12":"purchasable","13":"product-type-simple"},"acf":[],"_links":{"self":[{"href":"https:\/\/www.hirtenberg-apotheke.at\/katalog\/wp-json\/wp\/v2\/product\/90268","targetHints":{"allow":["GET"]}}],"collection":[{"href":"https:\/\/www.hirtenberg-apotheke.at\/katalog\/wp-json\/wp\/v2\/product"}],"about":[{"href":"https:\/\/www.hirtenberg-apotheke.at\/katalog\/wp-json\/wp\/v2\/types\/product"}],"wp:featuredmedia":[{"embeddable":true,"href":"https:\/\/www.hirtenberg-apotheke.at\/katalog\/wp-json\/wp\/v2\/media\/90270"}],"wp:attachment":[{"href":"https:\/\/www.hirtenberg-apotheke.at\/katalog\/wp-json\/wp\/v2\/media?parent=90268"}],"wp:term":[{"taxonomy":"product_brand","embeddable":true,"href":"https:\/\/www.hirtenberg-apotheke.at\/katalog\/wp-json\/wp\/v2\/product_brand?post=90268"},{"taxonomy":"product_cat","embeddable":true,"href":"https:\/\/www.hirtenberg-apotheke.at\/katalog\/wp-json\/wp\/v2\/product_cat?post=90268"},{"taxonomy":"product_tag","embeddable":true,"href":"https:\/\/www.hirtenberg-apotheke.at\/katalog\/wp-json\/wp\/v2\/product_tag?post=90268"}],"curies":[{"name":"wp","href":"https:\/\/api.w.org\/{rel}","templated":true}]}}