{"id":90271,"date":"2025-12-02T17:41:04","date_gmt":"2025-12-02T16:41:04","guid":{"rendered":"https:\/\/www.hirtenberg-apotheke.at\/katalog\/produkt\/murnauers-bachblueten-tropfen-schlaf-gut-20-ml\/"},"modified":"2025-12-02T17:41:24","modified_gmt":"2025-12-02T16:41:24","slug":"murnauers-bachblueten-tropfen-schlaf-gut-20-ml","status":"publish","type":"product","link":"https:\/\/www.hirtenberg-apotheke.at\/katalog\/produkt\/murnauers-bachblueten-tropfen-schlaf-gut-20-ml\/","title":{"rendered":"Murnauers Bachbl\u00fcten Tropfen Schlaf Gut 20 ml"},"content":{"rendered":"<p>Murnauers Bachbl\u00fcten Tropfen Schlaf Gut f\u00f6rdern durch entspanntes Ein- und erholsames Durchschlafen. Dies wirkt sich auf das k\u00f6rperliche und geistige Wohlbefinden aus und verhilft zu st\u00e4rkerer Leistungsf\u00e4higkeit und das innere Gleichgewicht im Alltag.<\/p>\n","protected":false},"excerpt":{"rendered":"<p>Murnauers Bachbl\u00fcten Tropfen Schlaf Gut f\u00f6rdern durch entspanntes Ein- und erholsames Durchschlafen. Dies wirkt sich auf das k\u00f6rperliche und geistige Wohlbefinden aus und verhilft zu st\u00e4rkerer Leistungsf\u00e4higkeit und das innere Gleichgewicht im Alltag.<\/p>\n","protected":false},"featured_media":90273,"template":"","meta":{"_acf_changed":false},"product_brand":[],"product_cat":[308],"product_tag":[],"class_list":{"0":"post-90271","1":"product","2":"type-product","3":"status-publish","4":"has-post-thumbnail","6":"product_cat-m","7":"pa_packungsgroesse-20ml","9":"first","10":"instock","11":"shipping-taxable","12":"purchasable","13":"product-type-simple"},"acf":[],"_links":{"self":[{"href":"https:\/\/www.hirtenberg-apotheke.at\/katalog\/wp-json\/wp\/v2\/product\/90271","targetHints":{"allow":["GET"]}}],"collection":[{"href":"https:\/\/www.hirtenberg-apotheke.at\/katalog\/wp-json\/wp\/v2\/product"}],"about":[{"href":"https:\/\/www.hirtenberg-apotheke.at\/katalog\/wp-json\/wp\/v2\/types\/product"}],"wp:featuredmedia":[{"embeddable":true,"href":"https:\/\/www.hirtenberg-apotheke.at\/katalog\/wp-json\/wp\/v2\/media\/90273"}],"wp:attachment":[{"href":"https:\/\/www.hirtenberg-apotheke.at\/katalog\/wp-json\/wp\/v2\/media?parent=90271"}],"wp:term":[{"taxonomy":"product_brand","embeddable":true,"href":"https:\/\/www.hirtenberg-apotheke.at\/katalog\/wp-json\/wp\/v2\/product_brand?post=90271"},{"taxonomy":"product_cat","embeddable":true,"href":"https:\/\/www.hirtenberg-apotheke.at\/katalog\/wp-json\/wp\/v2\/product_cat?post=90271"},{"taxonomy":"product_tag","embeddable":true,"href":"https:\/\/www.hirtenberg-apotheke.at\/katalog\/wp-json\/wp\/v2\/product_tag?post=90271"}],"curies":[{"name":"wp","href":"https:\/\/api.w.org\/{rel}","templated":true}]}}