{"id":90317,"date":"2025-12-02T17:42:03","date_gmt":"2025-12-02T16:42:03","guid":{"rendered":"https:\/\/www.hirtenberg-apotheke.at\/katalog\/produkt\/petrasch-basenpulver-kapseln-60-stk\/"},"modified":"2025-12-02T17:42:33","modified_gmt":"2025-12-02T16:42:33","slug":"petrasch-basenpulver-kapseln-60-stk","status":"publish","type":"product","link":"https:\/\/www.hirtenberg-apotheke.at\/katalog\/produkt\/petrasch-basenpulver-kapseln-60-stk\/","title":{"rendered":"Petrasch Basenpulver Kapseln 60 Stk."},"content":{"rendered":"<p>Basenpulver Petrasch ist eine ausgewogene Mischung aus basischen Mineralstoffen und Lactobacillus acidophilus. Es liegt in Kapselform vor und kann auch von geschmacksempfindlichen Menschen problemlos eingenommen werden.Bei den meisten auf dem Markt befindlichen Basenpulvern &#8222;verpufft&#8220; die Wirkung bereits im Magen: die Basen werden durch die Magens\u00e4ure neutralisiert. Bei akutem Sodbrennen ist diese Wirkung durchaus erw\u00fcnscht. Nicht jedoch f\u00fcr den Ausgleich des S\u00e4uren-Basen Haushalts. Ausserdem wird durch die Neutralisierung der Magens\u00e4ure die Bildung zus\u00e4tzlicher Magens\u00e4ure angeregt, das ist im Allgemeinen nicht erw\u00fcnscht. Durch die Verwendung unserer neuartigen s\u00e4ureresistenten Kapseln wird der Kapselinhalt erst im Darm freigesetzt. So wird die maximale Wirksamkeit erreicht.Wie alle Petrasch Produkte wirkt Basenpulver Petrasch als System. Das enthaltene Zink tr\u00e4gt ebenfalls zu einem normalen S\u00e4ure-Basen Stoffwechsel bei..<\/p>\n","protected":false},"excerpt":{"rendered":"<p>Basenpulver Petrasch ist eine ausgewogene Mischung aus basischen Mineralstoffen und Lactobacillus acidophilus. Es liegt in Kapselform vor und kann auch von geschmacksempfindlichen Menschen problemlos eingenommen werden.Bei den meisten auf dem Markt befindlichen Basenpulvern &#8222;verpufft&#8220; die Wirkung bereits im Magen: die Basen werden durch die Magens\u00e4ure neutralisiert. Bei akutem Sodbrennen ist diese Wirkung durchaus erw\u00fcnscht. Nicht [&hellip;]<\/p>\n","protected":false},"featured_media":0,"template":"","meta":{"_acf_changed":false},"product_brand":[],"product_cat":[302],"product_tag":[],"class_list":{"0":"post-90317","1":"product","2":"type-product","3":"status-publish","5":"product_cat-p","6":"pa_packungsgroesse-60-stueck","8":"first","9":"instock","10":"shipping-taxable","11":"purchasable","12":"product-type-simple"},"acf":[],"_links":{"self":[{"href":"https:\/\/www.hirtenberg-apotheke.at\/katalog\/wp-json\/wp\/v2\/product\/90317","targetHints":{"allow":["GET"]}}],"collection":[{"href":"https:\/\/www.hirtenberg-apotheke.at\/katalog\/wp-json\/wp\/v2\/product"}],"about":[{"href":"https:\/\/www.hirtenberg-apotheke.at\/katalog\/wp-json\/wp\/v2\/types\/product"}],"wp:attachment":[{"href":"https:\/\/www.hirtenberg-apotheke.at\/katalog\/wp-json\/wp\/v2\/media?parent=90317"}],"wp:term":[{"taxonomy":"product_brand","embeddable":true,"href":"https:\/\/www.hirtenberg-apotheke.at\/katalog\/wp-json\/wp\/v2\/product_brand?post=90317"},{"taxonomy":"product_cat","embeddable":true,"href":"https:\/\/www.hirtenberg-apotheke.at\/katalog\/wp-json\/wp\/v2\/product_cat?post=90317"},{"taxonomy":"product_tag","embeddable":true,"href":"https:\/\/www.hirtenberg-apotheke.at\/katalog\/wp-json\/wp\/v2\/product_tag?post=90317"}],"curies":[{"name":"wp","href":"https:\/\/api.w.org\/{rel}","templated":true}]}}