{"id":90363,"date":"2025-12-02T17:43:49","date_gmt":"2025-12-02T16:43:49","guid":{"rendered":"https:\/\/www.hirtenberg-apotheke.at\/katalog\/produkt\/ben-u-ron-zaepfchen-250-mg-5-stk\/"},"modified":"2025-12-02T17:43:54","modified_gmt":"2025-12-02T16:43:54","slug":"ben-u-ron-zaepfchen-250-mg-5-stk","status":"publish","type":"product","link":"https:\/\/www.hirtenberg-apotheke.at\/katalog\/produkt\/ben-u-ron-zaepfchen-250-mg-5-stk\/","title":{"rendered":"Ben-u-ron Z\u00e4pfchen 250 mg 5 Stk."},"content":{"rendered":"<p>Ben-u-ron Z\u00e4pfchen 250 mg enthalten den schmerzstillenden und fiebersenkenden Wirkstoff Paracetamol. Ben-u-ron 250 mg Z\u00e4pfchen werden angewendet bei Kindern ab 2 Jahren bei leichten bis m\u00e4\u00dfig starken Schmerzen und Fieber.<\/p>\n","protected":false},"excerpt":{"rendered":"<p>Ben-u-ron Z\u00e4pfchen 250 mg enthalten den schmerzstillenden und fiebersenkenden Wirkstoff Paracetamol. Ben-u-ron 250 mg Z\u00e4pfchen werden angewendet bei Kindern ab 2 Jahren bei leichten bis m\u00e4\u00dfig starken Schmerzen und Fieber.<\/p>\n","protected":false},"featured_media":0,"template":"","meta":{"_acf_changed":false},"product_brand":[],"product_cat":[292],"product_tag":[],"class_list":{"0":"post-90363","1":"product","2":"type-product","3":"status-publish","5":"product_cat-b","6":"pa_packungsgroesse-5-stueck","8":"first","9":"instock","10":"shipping-taxable","11":"purchasable","12":"product-type-simple"},"acf":[],"_links":{"self":[{"href":"https:\/\/www.hirtenberg-apotheke.at\/katalog\/wp-json\/wp\/v2\/product\/90363","targetHints":{"allow":["GET"]}}],"collection":[{"href":"https:\/\/www.hirtenberg-apotheke.at\/katalog\/wp-json\/wp\/v2\/product"}],"about":[{"href":"https:\/\/www.hirtenberg-apotheke.at\/katalog\/wp-json\/wp\/v2\/types\/product"}],"wp:attachment":[{"href":"https:\/\/www.hirtenberg-apotheke.at\/katalog\/wp-json\/wp\/v2\/media?parent=90363"}],"wp:term":[{"taxonomy":"product_brand","embeddable":true,"href":"https:\/\/www.hirtenberg-apotheke.at\/katalog\/wp-json\/wp\/v2\/product_brand?post=90363"},{"taxonomy":"product_cat","embeddable":true,"href":"https:\/\/www.hirtenberg-apotheke.at\/katalog\/wp-json\/wp\/v2\/product_cat?post=90363"},{"taxonomy":"product_tag","embeddable":true,"href":"https:\/\/www.hirtenberg-apotheke.at\/katalog\/wp-json\/wp\/v2\/product_tag?post=90363"}],"curies":[{"name":"wp","href":"https:\/\/api.w.org\/{rel}","templated":true}]}}