{"id":90535,"date":"2025-12-02T17:49:11","date_gmt":"2025-12-02T16:49:11","guid":{"rendered":"https:\/\/www.hirtenberg-apotheke.at\/katalog\/produkt\/betadona-fluessigseife-500-ml\/"},"modified":"2025-12-02T17:49:20","modified_gmt":"2025-12-02T16:49:20","slug":"betadona-fluessigseife-500-ml","status":"publish","type":"product","link":"https:\/\/www.hirtenberg-apotheke.at\/katalog\/produkt\/betadona-fluessigseife-500-ml\/","title":{"rendered":"Betadona Fl\u00fcssigseife 500 ml"},"content":{"rendered":"<p>Betadona\u00ae Fl\u00fcssigseife zur hygienischen H\u00e4ndedesinfektion und antiseptischen Waschung. Sie wirkt keimt\u00f6tend gegen Bakterien, Pilze, Sporen, Viren und Protozoen. Dabei pflegt sie die Haut r\u00fcckfettend..<\/p>\n","protected":false},"excerpt":{"rendered":"<p>Betadona\u00ae Fl\u00fcssigseife zur hygienischen H\u00e4ndedesinfektion und antiseptischen Waschung. Sie wirkt keimt\u00f6tend gegen Bakterien, Pilze, Sporen, Viren und Protozoen. Dabei pflegt sie die Haut r\u00fcckfettend..<\/p>\n","protected":false},"featured_media":0,"template":"","meta":{"_acf_changed":false},"product_brand":[],"product_cat":[292],"product_tag":[],"class_list":{"0":"post-90535","1":"product","2":"type-product","3":"status-publish","5":"product_cat-b","6":"pa_packungsgroesse-500ml","8":"first","9":"instock","10":"shipping-taxable","11":"purchasable","12":"product-type-simple"},"acf":[],"_links":{"self":[{"href":"https:\/\/www.hirtenberg-apotheke.at\/katalog\/wp-json\/wp\/v2\/product\/90535","targetHints":{"allow":["GET"]}}],"collection":[{"href":"https:\/\/www.hirtenberg-apotheke.at\/katalog\/wp-json\/wp\/v2\/product"}],"about":[{"href":"https:\/\/www.hirtenberg-apotheke.at\/katalog\/wp-json\/wp\/v2\/types\/product"}],"wp:attachment":[{"href":"https:\/\/www.hirtenberg-apotheke.at\/katalog\/wp-json\/wp\/v2\/media?parent=90535"}],"wp:term":[{"taxonomy":"product_brand","embeddable":true,"href":"https:\/\/www.hirtenberg-apotheke.at\/katalog\/wp-json\/wp\/v2\/product_brand?post=90535"},{"taxonomy":"product_cat","embeddable":true,"href":"https:\/\/www.hirtenberg-apotheke.at\/katalog\/wp-json\/wp\/v2\/product_cat?post=90535"},{"taxonomy":"product_tag","embeddable":true,"href":"https:\/\/www.hirtenberg-apotheke.at\/katalog\/wp-json\/wp\/v2\/product_tag?post=90535"}],"curies":[{"name":"wp","href":"https:\/\/api.w.org\/{rel}","templated":true}]}}