{"id":90574,"date":"2025-12-02T17:50:15","date_gmt":"2025-12-02T16:50:15","guid":{"rendered":"https:\/\/www.hirtenberg-apotheke.at\/katalog\/produkt\/biobene-collagen-complex-stick-28-stk\/"},"modified":"2025-12-02T17:50:54","modified_gmt":"2025-12-02T16:50:54","slug":"biobene-collagen-complex-stick-28-stk","status":"publish","type":"product","link":"https:\/\/www.hirtenberg-apotheke.at\/katalog\/produkt\/biobene-collagen-complex-stick-28-stk\/","title":{"rendered":"Biobene Collagen Complex Stick 28 Stk."},"content":{"rendered":"<p>Biobene Collagen Complex wurde von Experten f\u00fcr strahlend sch\u00f6ne Haut entwickelt. Das Nahrungserg\u00e4nzungsmittel beinhaltet Collagen Peptide, die nachweislich f\u00fcr ein beneidenswert strahlendes Hautbild sorgen: Sie reduzieren die Faltenbildung, st\u00e4rken die Struktur der Lederhaut (Dermis) und verbessern die nat\u00fcrliche Regeneration der Hautstruktur.<\/p>\n","protected":false},"excerpt":{"rendered":"<p>Biobene Collagen Complex wurde von Experten f\u00fcr strahlend sch\u00f6ne Haut entwickelt. Das Nahrungserg\u00e4nzungsmittel beinhaltet Collagen Peptide, die nachweislich f\u00fcr ein beneidenswert strahlendes Hautbild sorgen: Sie reduzieren die Faltenbildung, st\u00e4rken die Struktur der Lederhaut (Dermis) und verbessern die nat\u00fcrliche Regeneration der Hautstruktur.<\/p>\n","protected":false},"featured_media":90576,"template":"","meta":{"_acf_changed":false},"product_brand":[],"product_cat":[292],"product_tag":[],"class_list":{"0":"post-90574","1":"product","2":"type-product","3":"status-publish","4":"has-post-thumbnail","6":"product_cat-b","7":"pa_packungsgroesse-28-stueck","9":"first","10":"instock","11":"shipping-taxable","12":"purchasable","13":"product-type-simple"},"acf":[],"_links":{"self":[{"href":"https:\/\/www.hirtenberg-apotheke.at\/katalog\/wp-json\/wp\/v2\/product\/90574","targetHints":{"allow":["GET"]}}],"collection":[{"href":"https:\/\/www.hirtenberg-apotheke.at\/katalog\/wp-json\/wp\/v2\/product"}],"about":[{"href":"https:\/\/www.hirtenberg-apotheke.at\/katalog\/wp-json\/wp\/v2\/types\/product"}],"wp:featuredmedia":[{"embeddable":true,"href":"https:\/\/www.hirtenberg-apotheke.at\/katalog\/wp-json\/wp\/v2\/media\/90576"}],"wp:attachment":[{"href":"https:\/\/www.hirtenberg-apotheke.at\/katalog\/wp-json\/wp\/v2\/media?parent=90574"}],"wp:term":[{"taxonomy":"product_brand","embeddable":true,"href":"https:\/\/www.hirtenberg-apotheke.at\/katalog\/wp-json\/wp\/v2\/product_brand?post=90574"},{"taxonomy":"product_cat","embeddable":true,"href":"https:\/\/www.hirtenberg-apotheke.at\/katalog\/wp-json\/wp\/v2\/product_cat?post=90574"},{"taxonomy":"product_tag","embeddable":true,"href":"https:\/\/www.hirtenberg-apotheke.at\/katalog\/wp-json\/wp\/v2\/product_tag?post=90574"}],"curies":[{"name":"wp","href":"https:\/\/api.w.org\/{rel}","templated":true}]}}