{"id":90583,"date":"2025-12-02T17:50:15","date_gmt":"2025-12-02T16:50:15","guid":{"rendered":"https:\/\/www.hirtenberg-apotheke.at\/katalog\/produkt\/biobene-manpower-kapseln\/"},"modified":"2025-12-02T17:51:12","modified_gmt":"2025-12-02T16:51:12","slug":"biobene-manpower-kapseln","status":"publish","type":"product","link":"https:\/\/www.hirtenberg-apotheke.at\/katalog\/produkt\/biobene-manpower-kapseln\/","title":{"rendered":"Biobene Manpower Kapseln"},"content":{"rendered":"<p>BIOBENE\u00ae Manpower Kapseln ist ein Nahrungserg\u00e4nzungsmittel auf Basis wertvoller, sehr gut vertr\u00e4glicher, hochkonzentrierter Vitalstoffe, die von Experten kombiniert wurden: die Energie des Lebens, wenn man\/Mann es braucht.BIOBENE\u00ae Manpower Complex enth\u00e4lt die Aminos\u00e4ure L-Arginin und einen Pflanzenextrakt aus Tribulus terrestris.L-Arginin ist eine Aminos\u00e4ure und enth\u00e4lt mit vier Stickstoffgruppen mehr Stickstoff (N) als alle anderen Aminos\u00e4uren.  Daher kann der K\u00f6rper nur aus L-Arginin das gef\u00e4\u00dfaktivierende Molek\u00fcl NO (Stickoxid) bilden. Dieses Molek\u00fcl NO regelt die Weitung der Gef\u00e4\u00dfe und beeinflusst so die Durchblutung und den Blutdruck.Tribulus terrestris Extrakt wird aus den oberirdischen Pflanzenteilen der tropischen Frucht Erd-Burzeldorn (auch Dreispitz genannt) gewonnen und beinhaltet Saponine, die zu den Phytosterinen geh\u00f6ren. Die aus Indien stammende Pflanze besitzt rei\u00dfnagelartige Dornen und wird seit jeher als St\u00e4rkungsmittel, zum Muskelaufbau und zur Steigerung der Libido eingesetzt..<\/p>\n","protected":false},"excerpt":{"rendered":"<p>BIOBENE\u00ae Manpower Kapseln ist ein Nahrungserg\u00e4nzungsmittel auf Basis wertvoller, sehr gut vertr\u00e4glicher, hochkonzentrierter Vitalstoffe, die von Experten kombiniert wurden: die Energie des Lebens, wenn man\/Mann es braucht.BIOBENE\u00ae Manpower Complex enth\u00e4lt die Aminos\u00e4ure L-Arginin und einen Pflanzenextrakt aus Tribulus terrestris.L-Arginin ist eine Aminos\u00e4ure und enth\u00e4lt mit vier Stickstoffgruppen mehr Stickstoff (N) als alle anderen Aminos\u00e4uren. Daher [&hellip;]<\/p>\n","protected":false},"featured_media":90585,"template":"","meta":{"_acf_changed":false},"product_brand":[],"product_cat":[292],"product_tag":[],"class_list":{"0":"post-90583","1":"product","2":"type-product","3":"status-publish","4":"has-post-thumbnail","6":"product_cat-b","7":"pa_packungsgroesse-30-stueck","9":"first","10":"instock","11":"shipping-taxable","12":"purchasable","13":"product-type-simple"},"acf":[],"_links":{"self":[{"href":"https:\/\/www.hirtenberg-apotheke.at\/katalog\/wp-json\/wp\/v2\/product\/90583","targetHints":{"allow":["GET"]}}],"collection":[{"href":"https:\/\/www.hirtenberg-apotheke.at\/katalog\/wp-json\/wp\/v2\/product"}],"about":[{"href":"https:\/\/www.hirtenberg-apotheke.at\/katalog\/wp-json\/wp\/v2\/types\/product"}],"wp:featuredmedia":[{"embeddable":true,"href":"https:\/\/www.hirtenberg-apotheke.at\/katalog\/wp-json\/wp\/v2\/media\/90585"}],"wp:attachment":[{"href":"https:\/\/www.hirtenberg-apotheke.at\/katalog\/wp-json\/wp\/v2\/media?parent=90583"}],"wp:term":[{"taxonomy":"product_brand","embeddable":true,"href":"https:\/\/www.hirtenberg-apotheke.at\/katalog\/wp-json\/wp\/v2\/product_brand?post=90583"},{"taxonomy":"product_cat","embeddable":true,"href":"https:\/\/www.hirtenberg-apotheke.at\/katalog\/wp-json\/wp\/v2\/product_cat?post=90583"},{"taxonomy":"product_tag","embeddable":true,"href":"https:\/\/www.hirtenberg-apotheke.at\/katalog\/wp-json\/wp\/v2\/product_tag?post=90583"}],"curies":[{"name":"wp","href":"https:\/\/api.w.org\/{rel}","templated":true}]}}