{"id":91223,"date":"2025-12-02T18:02:12","date_gmt":"2025-12-02T17:02:12","guid":{"rendered":"https:\/\/www.hirtenberg-apotheke.at\/katalog\/produkt\/bioderma-sebium-night-peel-40-ml\/"},"modified":"2025-12-02T18:02:31","modified_gmt":"2025-12-02T17:02:31","slug":"bioderma-sebium-night-peel-40-ml","status":"publish","type":"product","link":"https:\/\/www.hirtenberg-apotheke.at\/katalog\/produkt\/bioderma-sebium-night-peel-40-ml\/","title":{"rendered":"Bioderma S\u00e9bium Night Peel 40 ml"},"content":{"rendered":"<p>Bioderma S\u00e9bium Night Peel ist ein gl\u00e4ttendes Konzentrat, das bei \u00f6liger Mischhaut, Pickelmalen und Unreinheiten (auch bei Sp\u00e4takne) zur Verbesserung des Hautbildes beitr\u00e4gt.<\/p>\n","protected":false},"excerpt":{"rendered":"<p>Bioderma S\u00e9bium Night Peel ist ein gl\u00e4ttendes Konzentrat, das bei \u00f6liger Mischhaut, Pickelmalen und Unreinheiten (auch bei Sp\u00e4takne) zur Verbesserung des Hautbildes beitr\u00e4gt.<\/p>\n","protected":false},"featured_media":91225,"template":"","meta":{"_acf_changed":false},"product_brand":[675],"product_cat":[292],"product_tag":[],"class_list":{"0":"post-91223","1":"product","2":"type-product","3":"status-publish","4":"has-post-thumbnail","6":"product_brand-bioderma","7":"product_cat-b","8":"pa_packungsgroesse-40ml","10":"first","11":"instock","12":"shipping-taxable","13":"purchasable","14":"product-type-simple"},"acf":[],"_links":{"self":[{"href":"https:\/\/www.hirtenberg-apotheke.at\/katalog\/wp-json\/wp\/v2\/product\/91223","targetHints":{"allow":["GET"]}}],"collection":[{"href":"https:\/\/www.hirtenberg-apotheke.at\/katalog\/wp-json\/wp\/v2\/product"}],"about":[{"href":"https:\/\/www.hirtenberg-apotheke.at\/katalog\/wp-json\/wp\/v2\/types\/product"}],"wp:featuredmedia":[{"embeddable":true,"href":"https:\/\/www.hirtenberg-apotheke.at\/katalog\/wp-json\/wp\/v2\/media\/91225"}],"wp:attachment":[{"href":"https:\/\/www.hirtenberg-apotheke.at\/katalog\/wp-json\/wp\/v2\/media?parent=91223"}],"wp:term":[{"taxonomy":"product_brand","embeddable":true,"href":"https:\/\/www.hirtenberg-apotheke.at\/katalog\/wp-json\/wp\/v2\/product_brand?post=91223"},{"taxonomy":"product_cat","embeddable":true,"href":"https:\/\/www.hirtenberg-apotheke.at\/katalog\/wp-json\/wp\/v2\/product_cat?post=91223"},{"taxonomy":"product_tag","embeddable":true,"href":"https:\/\/www.hirtenberg-apotheke.at\/katalog\/wp-json\/wp\/v2\/product_tag?post=91223"}],"curies":[{"name":"wp","href":"https:\/\/api.w.org\/{rel}","templated":true}]}}