{"id":91280,"date":"2025-12-02T18:03:41","date_gmt":"2025-12-02T17:03:41","guid":{"rendered":"https:\/\/www.hirtenberg-apotheke.at\/katalog\/produkt\/biofit-hildegard-dinkel-kaffee-instant-100-g\/"},"modified":"2025-12-02T18:04:23","modified_gmt":"2025-12-02T17:04:23","slug":"biofit-hildegard-dinkel-kaffee-instant-100-g","status":"publish","type":"product","link":"https:\/\/www.hirtenberg-apotheke.at\/katalog\/produkt\/biofit-hildegard-dinkel-kaffee-instant-100-g\/","title":{"rendered":"Biofit Hildegard Dinkel Kaffee Instant 100 g"},"content":{"rendered":"<p>Biofit Hildegard Dinkel Kaffee Instant k\u00f6nnen Sie so oft Sie wollen genie\u00dfen, da keine magenreizende Chlorogens\u00e4ure enthalten ist. Dinkel-Instant-Kaffee ist die Gaumenfreude f\u00fcr zwischendurch. Pro Tasse einfach 1-2 Kaffeel\u00f6ffel Dinkelkaffee mit hei\u00dfem Wasser aufgie\u00dfen, umr\u00fchren und fertig ist der Kaffeegenuss.<\/p>\n","protected":false},"excerpt":{"rendered":"<p>Biofit Hildegard Dinkel Kaffee Instant k\u00f6nnen Sie so oft Sie wollen genie\u00dfen, da keine magenreizende Chlorogens\u00e4ure enthalten ist. Dinkel-Instant-Kaffee ist die Gaumenfreude f\u00fcr zwischendurch. Pro Tasse einfach 1-2 Kaffeel\u00f6ffel Dinkelkaffee mit hei\u00dfem Wasser aufgie\u00dfen, umr\u00fchren und fertig ist der Kaffeegenuss.<\/p>\n","protected":false},"featured_media":91282,"template":"","meta":{"_acf_changed":false},"product_brand":[1441],"product_cat":[292],"product_tag":[],"class_list":{"0":"post-91280","1":"product","2":"type-product","3":"status-publish","4":"has-post-thumbnail","6":"product_brand-biofit","7":"product_cat-b","8":"pa_packungsgroesse-100g","10":"first","11":"instock","12":"shipping-taxable","13":"purchasable","14":"product-type-simple"},"acf":[],"_links":{"self":[{"href":"https:\/\/www.hirtenberg-apotheke.at\/katalog\/wp-json\/wp\/v2\/product\/91280","targetHints":{"allow":["GET"]}}],"collection":[{"href":"https:\/\/www.hirtenberg-apotheke.at\/katalog\/wp-json\/wp\/v2\/product"}],"about":[{"href":"https:\/\/www.hirtenberg-apotheke.at\/katalog\/wp-json\/wp\/v2\/types\/product"}],"wp:featuredmedia":[{"embeddable":true,"href":"https:\/\/www.hirtenberg-apotheke.at\/katalog\/wp-json\/wp\/v2\/media\/91282"}],"wp:attachment":[{"href":"https:\/\/www.hirtenberg-apotheke.at\/katalog\/wp-json\/wp\/v2\/media?parent=91280"}],"wp:term":[{"taxonomy":"product_brand","embeddable":true,"href":"https:\/\/www.hirtenberg-apotheke.at\/katalog\/wp-json\/wp\/v2\/product_brand?post=91280"},{"taxonomy":"product_cat","embeddable":true,"href":"https:\/\/www.hirtenberg-apotheke.at\/katalog\/wp-json\/wp\/v2\/product_cat?post=91280"},{"taxonomy":"product_tag","embeddable":true,"href":"https:\/\/www.hirtenberg-apotheke.at\/katalog\/wp-json\/wp\/v2\/product_tag?post=91280"}],"curies":[{"name":"wp","href":"https:\/\/api.w.org\/{rel}","templated":true}]}}