{"id":91354,"date":"2025-12-02T18:06:14","date_gmt":"2025-12-02T17:06:14","guid":{"rendered":"https:\/\/www.hirtenberg-apotheke.at\/katalog\/produkt\/biofit-hildegard-lorbeer-creme-50-ml\/"},"modified":"2025-12-02T18:06:38","modified_gmt":"2025-12-02T17:06:38","slug":"biofit-hildegard-lorbeer-creme-50-ml","status":"publish","type":"product","link":"https:\/\/www.hirtenberg-apotheke.at\/katalog\/produkt\/biofit-hildegard-lorbeer-creme-50-ml\/","title":{"rendered":"Biofit Hildegard Lorbeer Creme 50 ml"},"content":{"rendered":"<p>Biofit Hildegard Lorbeer Creme beinhaltet hochwertige Inhaltsstoffe des Bockstalgs und Lorbeerbaumes. Die Creme eignet sich ideal f\u00fcr entspannende Massagen nach einem anstrengenden Tag. Ideal f\u00fcr beanspruchte Gelenke, Muskeln aber auch f\u00fcr den Kopf- und Brustbereich.<\/p>\n","protected":false},"excerpt":{"rendered":"<p>Biofit Hildegard Lorbeer Creme beinhaltet hochwertige Inhaltsstoffe des Bockstalgs und Lorbeerbaumes. Die Creme eignet sich ideal f\u00fcr entspannende Massagen nach einem anstrengenden Tag. Ideal f\u00fcr beanspruchte Gelenke, Muskeln aber auch f\u00fcr den Kopf- und Brustbereich.<\/p>\n","protected":false},"featured_media":91356,"template":"","meta":{"_acf_changed":false},"product_brand":[1441],"product_cat":[292],"product_tag":[],"class_list":{"0":"post-91354","1":"product","2":"type-product","3":"status-publish","4":"has-post-thumbnail","6":"product_brand-biofit","7":"product_cat-b","8":"pa_packungsgroesse-50ml","10":"first","11":"instock","12":"shipping-taxable","13":"purchasable","14":"product-type-simple"},"acf":[],"_links":{"self":[{"href":"https:\/\/www.hirtenberg-apotheke.at\/katalog\/wp-json\/wp\/v2\/product\/91354","targetHints":{"allow":["GET"]}}],"collection":[{"href":"https:\/\/www.hirtenberg-apotheke.at\/katalog\/wp-json\/wp\/v2\/product"}],"about":[{"href":"https:\/\/www.hirtenberg-apotheke.at\/katalog\/wp-json\/wp\/v2\/types\/product"}],"wp:featuredmedia":[{"embeddable":true,"href":"https:\/\/www.hirtenberg-apotheke.at\/katalog\/wp-json\/wp\/v2\/media\/91356"}],"wp:attachment":[{"href":"https:\/\/www.hirtenberg-apotheke.at\/katalog\/wp-json\/wp\/v2\/media?parent=91354"}],"wp:term":[{"taxonomy":"product_brand","embeddable":true,"href":"https:\/\/www.hirtenberg-apotheke.at\/katalog\/wp-json\/wp\/v2\/product_brand?post=91354"},{"taxonomy":"product_cat","embeddable":true,"href":"https:\/\/www.hirtenberg-apotheke.at\/katalog\/wp-json\/wp\/v2\/product_cat?post=91354"},{"taxonomy":"product_tag","embeddable":true,"href":"https:\/\/www.hirtenberg-apotheke.at\/katalog\/wp-json\/wp\/v2\/product_tag?post=91354"}],"curies":[{"name":"wp","href":"https:\/\/api.w.org\/{rel}","templated":true}]}}