{"id":91369,"date":"2025-12-02T18:06:37","date_gmt":"2025-12-02T17:06:37","guid":{"rendered":"https:\/\/www.hirtenberg-apotheke.at\/katalog\/produkt\/biofit-hildegard-pelargonie-mischung-100-g\/"},"modified":"2025-12-02T18:07:19","modified_gmt":"2025-12-02T17:07:19","slug":"biofit-hildegard-pelargonie-mischung-100-g","status":"publish","type":"product","link":"https:\/\/www.hirtenberg-apotheke.at\/katalog\/produkt\/biofit-hildegard-pelargonie-mischung-100-g\/","title":{"rendered":"Biofit Hildegard Pelargonie Mischung 100 g"},"content":{"rendered":"<p>Biofit Hildegard Pelargonie Mischung wird besonders an kalten Wintertagen empfohlen, da der K\u00f6rper mit einem w\u00e4rmenden Pelargonigl\u00fchwein unterst\u00fctzt werden kann. Das Pulver ist eine Kombination aus Pelargonienkraut, Bertram und Mukatnuss.<\/p>\n","protected":false},"excerpt":{"rendered":"<p>Biofit Hildegard Pelargonie Mischung wird besonders an kalten Wintertagen empfohlen, da der K\u00f6rper mit einem w\u00e4rmenden Pelargonigl\u00fchwein unterst\u00fctzt werden kann. Das Pulver ist eine Kombination aus Pelargonienkraut, Bertram und Mukatnuss.<\/p>\n","protected":false},"featured_media":91371,"template":"","meta":{"_acf_changed":false},"product_brand":[1441],"product_cat":[292],"product_tag":[],"class_list":{"0":"post-91369","1":"product","2":"type-product","3":"status-publish","4":"has-post-thumbnail","6":"product_brand-biofit","7":"product_cat-b","8":"pa_packungsgroesse-100g","10":"first","11":"instock","12":"shipping-taxable","13":"purchasable","14":"product-type-simple"},"acf":[],"_links":{"self":[{"href":"https:\/\/www.hirtenberg-apotheke.at\/katalog\/wp-json\/wp\/v2\/product\/91369","targetHints":{"allow":["GET"]}}],"collection":[{"href":"https:\/\/www.hirtenberg-apotheke.at\/katalog\/wp-json\/wp\/v2\/product"}],"about":[{"href":"https:\/\/www.hirtenberg-apotheke.at\/katalog\/wp-json\/wp\/v2\/types\/product"}],"wp:featuredmedia":[{"embeddable":true,"href":"https:\/\/www.hirtenberg-apotheke.at\/katalog\/wp-json\/wp\/v2\/media\/91371"}],"wp:attachment":[{"href":"https:\/\/www.hirtenberg-apotheke.at\/katalog\/wp-json\/wp\/v2\/media?parent=91369"}],"wp:term":[{"taxonomy":"product_brand","embeddable":true,"href":"https:\/\/www.hirtenberg-apotheke.at\/katalog\/wp-json\/wp\/v2\/product_brand?post=91369"},{"taxonomy":"product_cat","embeddable":true,"href":"https:\/\/www.hirtenberg-apotheke.at\/katalog\/wp-json\/wp\/v2\/product_cat?post=91369"},{"taxonomy":"product_tag","embeddable":true,"href":"https:\/\/www.hirtenberg-apotheke.at\/katalog\/wp-json\/wp\/v2\/product_tag?post=91369"}],"curies":[{"name":"wp","href":"https:\/\/api.w.org\/{rel}","templated":true}]}}