{"id":91394,"date":"2025-12-02T18:08:00","date_gmt":"2025-12-02T17:08:00","guid":{"rendered":"https:\/\/www.hirtenberg-apotheke.at\/katalog\/produkt\/biofit-hildegard-quendel-gemahlen-100-g\/"},"modified":"2025-12-02T18:08:09","modified_gmt":"2025-12-02T17:08:09","slug":"biofit-hildegard-quendel-gemahlen-100-g","status":"publish","type":"product","link":"https:\/\/www.hirtenberg-apotheke.at\/katalog\/produkt\/biofit-hildegard-quendel-gemahlen-100-g\/","title":{"rendered":"Biofit Hildegard Quendel gemahlen 100 g"},"content":{"rendered":"<p>Biofit Hildegard Quendel gemahlen bietet eine nat\u00fcrliche Unterst\u00fctzung bei Unreinheiten, Ekzemen und Allergien. F\u00fcr eine Haut-Kur empfiehlt sie eine regelm\u00e4\u00dfige Verwendung von diesem Gew\u00fcrz, welches leicht im eigenen Kr\u00e4utergarten gezogen werden kann.<\/p>\n","protected":false},"excerpt":{"rendered":"<p>Biofit Hildegard Quendel gemahlen bietet eine nat\u00fcrliche Unterst\u00fctzung bei Unreinheiten, Ekzemen und Allergien. F\u00fcr eine Haut-Kur empfiehlt sie eine regelm\u00e4\u00dfige Verwendung von diesem Gew\u00fcrz, welches leicht im eigenen Kr\u00e4utergarten gezogen werden kann.<\/p>\n","protected":false},"featured_media":91396,"template":"","meta":{"_acf_changed":false},"product_brand":[1441],"product_cat":[292],"product_tag":[],"class_list":{"0":"post-91394","1":"product","2":"type-product","3":"status-publish","4":"has-post-thumbnail","6":"product_brand-biofit","7":"product_cat-b","8":"pa_packungsgroesse-100g","10":"first","11":"instock","12":"shipping-taxable","13":"purchasable","14":"product-type-simple"},"acf":[],"_links":{"self":[{"href":"https:\/\/www.hirtenberg-apotheke.at\/katalog\/wp-json\/wp\/v2\/product\/91394","targetHints":{"allow":["GET"]}}],"collection":[{"href":"https:\/\/www.hirtenberg-apotheke.at\/katalog\/wp-json\/wp\/v2\/product"}],"about":[{"href":"https:\/\/www.hirtenberg-apotheke.at\/katalog\/wp-json\/wp\/v2\/types\/product"}],"wp:featuredmedia":[{"embeddable":true,"href":"https:\/\/www.hirtenberg-apotheke.at\/katalog\/wp-json\/wp\/v2\/media\/91396"}],"wp:attachment":[{"href":"https:\/\/www.hirtenberg-apotheke.at\/katalog\/wp-json\/wp\/v2\/media?parent=91394"}],"wp:term":[{"taxonomy":"product_brand","embeddable":true,"href":"https:\/\/www.hirtenberg-apotheke.at\/katalog\/wp-json\/wp\/v2\/product_brand?post=91394"},{"taxonomy":"product_cat","embeddable":true,"href":"https:\/\/www.hirtenberg-apotheke.at\/katalog\/wp-json\/wp\/v2\/product_cat?post=91394"},{"taxonomy":"product_tag","embeddable":true,"href":"https:\/\/www.hirtenberg-apotheke.at\/katalog\/wp-json\/wp\/v2\/product_tag?post=91394"}],"curies":[{"name":"wp","href":"https:\/\/api.w.org\/{rel}","templated":true}]}}