{"id":91400,"date":"2025-12-02T18:08:12","date_gmt":"2025-12-02T17:08:12","guid":{"rendered":"https:\/\/www.hirtenberg-apotheke.at\/katalog\/produkt\/biofit-hildegard-rosensalbei-deodorant-50-ml\/"},"modified":"2025-12-02T18:08:29","modified_gmt":"2025-12-02T17:08:29","slug":"biofit-hildegard-rosensalbei-deodorant-50-ml","status":"publish","type":"product","link":"https:\/\/www.hirtenberg-apotheke.at\/katalog\/produkt\/biofit-hildegard-rosensalbei-deodorant-50-ml\/","title":{"rendered":"Biofit Hildegard Rosensalbei Deodorant 50 ml"},"content":{"rendered":"<p>Biofit Hildegard Rosensalbei Deodorant ist ein nat\u00fcrliches Deodorant mit echten \u00e4therischen \u00d6len. Nat\u00fcrliches \u00e4therisches Rosen- und Salbei\u00f6l verleihen eine angenehm blumige Duftnote. Das Deodorant enth\u00e4lt keine synthetischen Konservierungs-, Farb- und Duftstoffe. F\u00fcr ein erfrischendes Gef\u00fchl.<\/p>\n","protected":false},"excerpt":{"rendered":"<p>Biofit Hildegard Rosensalbei Deodorant ist ein nat\u00fcrliches Deodorant mit echten \u00e4therischen \u00d6len. Nat\u00fcrliches \u00e4therisches Rosen- und Salbei\u00f6l verleihen eine angenehm blumige Duftnote. Das Deodorant enth\u00e4lt keine synthetischen Konservierungs-, Farb- und Duftstoffe. F\u00fcr ein erfrischendes Gef\u00fchl.<\/p>\n","protected":false},"featured_media":91402,"template":"","meta":{"_acf_changed":false},"product_brand":[1441],"product_cat":[292],"product_tag":[],"class_list":{"0":"post-91400","1":"product","2":"type-product","3":"status-publish","4":"has-post-thumbnail","6":"product_brand-biofit","7":"product_cat-b","8":"pa_packungsgroesse-50ml","10":"first","11":"instock","12":"shipping-taxable","13":"purchasable","14":"product-type-simple"},"acf":[],"_links":{"self":[{"href":"https:\/\/www.hirtenberg-apotheke.at\/katalog\/wp-json\/wp\/v2\/product\/91400","targetHints":{"allow":["GET"]}}],"collection":[{"href":"https:\/\/www.hirtenberg-apotheke.at\/katalog\/wp-json\/wp\/v2\/product"}],"about":[{"href":"https:\/\/www.hirtenberg-apotheke.at\/katalog\/wp-json\/wp\/v2\/types\/product"}],"wp:featuredmedia":[{"embeddable":true,"href":"https:\/\/www.hirtenberg-apotheke.at\/katalog\/wp-json\/wp\/v2\/media\/91402"}],"wp:attachment":[{"href":"https:\/\/www.hirtenberg-apotheke.at\/katalog\/wp-json\/wp\/v2\/media?parent=91400"}],"wp:term":[{"taxonomy":"product_brand","embeddable":true,"href":"https:\/\/www.hirtenberg-apotheke.at\/katalog\/wp-json\/wp\/v2\/product_brand?post=91400"},{"taxonomy":"product_cat","embeddable":true,"href":"https:\/\/www.hirtenberg-apotheke.at\/katalog\/wp-json\/wp\/v2\/product_cat?post=91400"},{"taxonomy":"product_tag","embeddable":true,"href":"https:\/\/www.hirtenberg-apotheke.at\/katalog\/wp-json\/wp\/v2\/product_tag?post=91400"}],"curies":[{"name":"wp","href":"https:\/\/api.w.org\/{rel}","templated":true}]}}