{"id":91409,"date":"2025-12-02T18:08:12","date_gmt":"2025-12-02T17:08:12","guid":{"rendered":"https:\/\/www.hirtenberg-apotheke.at\/katalog\/produkt\/biofit-hildegard-salatwuerze-bio-1\/"},"modified":"2025-12-02T18:08:47","modified_gmt":"2025-12-02T17:08:47","slug":"biofit-hildegard-salatwuerze-bio-1","status":"publish","type":"product","link":"https:\/\/www.hirtenberg-apotheke.at\/katalog\/produkt\/biofit-hildegard-salatwuerze-bio-1\/","title":{"rendered":"Biofit Hildegard Salatw\u00fcrze Bio 1"},"content":{"rendered":"<p>Biofit Hildegard Salatw\u00fcrze Bio 1 besteht zu 100% aus hochwertigen Naturstoffen, die sorgf\u00e4lltig nach der Ern\u00e4hrungslehre der Hildegard von Bingen ausgew\u00e4hlt werden. Dar\u00fcber hinaus wurde bei der Herstellung dieses Produktes g\u00e4nzlich auf Geschmacksverst\u00e4rker verzichtet.<\/p>\n","protected":false},"excerpt":{"rendered":"<p>Biofit Hildegard Salatw\u00fcrze Bio 1 besteht zu 100% aus hochwertigen Naturstoffen, die sorgf\u00e4lltig nach der Ern\u00e4hrungslehre der Hildegard von Bingen ausgew\u00e4hlt werden. Dar\u00fcber hinaus wurde bei der Herstellung dieses Produktes g\u00e4nzlich auf Geschmacksverst\u00e4rker verzichtet.<\/p>\n","protected":false},"featured_media":91411,"template":"","meta":{"_acf_changed":false},"product_brand":[1441],"product_cat":[292],"product_tag":[],"class_list":{"0":"post-91409","1":"product","2":"type-product","3":"status-publish","4":"has-post-thumbnail","6":"product_brand-biofit","7":"product_cat-b","8":"pa_packungsgroesse-100g","10":"first","11":"instock","12":"shipping-taxable","13":"purchasable","14":"product-type-simple"},"acf":[],"_links":{"self":[{"href":"https:\/\/www.hirtenberg-apotheke.at\/katalog\/wp-json\/wp\/v2\/product\/91409","targetHints":{"allow":["GET"]}}],"collection":[{"href":"https:\/\/www.hirtenberg-apotheke.at\/katalog\/wp-json\/wp\/v2\/product"}],"about":[{"href":"https:\/\/www.hirtenberg-apotheke.at\/katalog\/wp-json\/wp\/v2\/types\/product"}],"wp:featuredmedia":[{"embeddable":true,"href":"https:\/\/www.hirtenberg-apotheke.at\/katalog\/wp-json\/wp\/v2\/media\/91411"}],"wp:attachment":[{"href":"https:\/\/www.hirtenberg-apotheke.at\/katalog\/wp-json\/wp\/v2\/media?parent=91409"}],"wp:term":[{"taxonomy":"product_brand","embeddable":true,"href":"https:\/\/www.hirtenberg-apotheke.at\/katalog\/wp-json\/wp\/v2\/product_brand?post=91409"},{"taxonomy":"product_cat","embeddable":true,"href":"https:\/\/www.hirtenberg-apotheke.at\/katalog\/wp-json\/wp\/v2\/product_cat?post=91409"},{"taxonomy":"product_tag","embeddable":true,"href":"https:\/\/www.hirtenberg-apotheke.at\/katalog\/wp-json\/wp\/v2\/product_tag?post=91409"}],"curies":[{"name":"wp","href":"https:\/\/api.w.org\/{rel}","templated":true}]}}