{"id":91504,"date":"2025-12-02T18:11:27","date_gmt":"2025-12-02T17:11:27","guid":{"rendered":"https:\/\/www.hirtenberg-apotheke.at\/katalog\/produkt\/biofit-hildegard-wermut-brustoel-50-ml\/"},"modified":"2025-12-02T18:11:47","modified_gmt":"2025-12-02T17:11:47","slug":"biofit-hildegard-wermut-brustoel-50-ml","status":"publish","type":"product","link":"https:\/\/www.hirtenberg-apotheke.at\/katalog\/produkt\/biofit-hildegard-wermut-brustoel-50-ml\/","title":{"rendered":"Biofit Hildegard Wermut Brust\u00f6l 50 ml"},"content":{"rendered":"<p>Biofit Hildegard Wermut Brust\u00f6l sorgt f\u00fcr ein befreiendes Gef\u00fchl in der Brust und ist daher speziell in der kalten Jahreszeit besonders beliebt. Wermut wird gerne auch zur Appetitanregung, bei Beschwerden des Verdauungstraktes, wie etwa Gastritis oder Bl\u00e4hung, eingesetzt.<\/p>\n","protected":false},"excerpt":{"rendered":"<p>Biofit Hildegard Wermut Brust\u00f6l sorgt f\u00fcr ein befreiendes Gef\u00fchl in der Brust und ist daher speziell in der kalten Jahreszeit besonders beliebt. Wermut wird gerne auch zur Appetitanregung, bei Beschwerden des Verdauungstraktes, wie etwa Gastritis oder Bl\u00e4hung, eingesetzt.<\/p>\n","protected":false},"featured_media":91506,"template":"","meta":{"_acf_changed":false},"product_brand":[1441],"product_cat":[292],"product_tag":[],"class_list":{"0":"post-91504","1":"product","2":"type-product","3":"status-publish","4":"has-post-thumbnail","6":"product_brand-biofit","7":"product_cat-b","8":"pa_packungsgroesse-50ml","10":"first","11":"instock","12":"shipping-taxable","13":"purchasable","14":"product-type-simple"},"acf":[],"_links":{"self":[{"href":"https:\/\/www.hirtenberg-apotheke.at\/katalog\/wp-json\/wp\/v2\/product\/91504","targetHints":{"allow":["GET"]}}],"collection":[{"href":"https:\/\/www.hirtenberg-apotheke.at\/katalog\/wp-json\/wp\/v2\/product"}],"about":[{"href":"https:\/\/www.hirtenberg-apotheke.at\/katalog\/wp-json\/wp\/v2\/types\/product"}],"wp:featuredmedia":[{"embeddable":true,"href":"https:\/\/www.hirtenberg-apotheke.at\/katalog\/wp-json\/wp\/v2\/media\/91506"}],"wp:attachment":[{"href":"https:\/\/www.hirtenberg-apotheke.at\/katalog\/wp-json\/wp\/v2\/media?parent=91504"}],"wp:term":[{"taxonomy":"product_brand","embeddable":true,"href":"https:\/\/www.hirtenberg-apotheke.at\/katalog\/wp-json\/wp\/v2\/product_brand?post=91504"},{"taxonomy":"product_cat","embeddable":true,"href":"https:\/\/www.hirtenberg-apotheke.at\/katalog\/wp-json\/wp\/v2\/product_cat?post=91504"},{"taxonomy":"product_tag","embeddable":true,"href":"https:\/\/www.hirtenberg-apotheke.at\/katalog\/wp-json\/wp\/v2\/product_tag?post=91504"}],"curies":[{"name":"wp","href":"https:\/\/api.w.org\/{rel}","templated":true}]}}