{"id":91534,"date":"2025-12-02T18:12:18","date_gmt":"2025-12-02T17:12:18","guid":{"rendered":"https:\/\/www.hirtenberg-apotheke.at\/katalog\/produkt\/bionect-creme-100-g\/"},"modified":"2025-12-02T18:12:34","modified_gmt":"2025-12-02T17:12:34","slug":"bionect-creme-100-g","status":"publish","type":"product","link":"https:\/\/www.hirtenberg-apotheke.at\/katalog\/produkt\/bionect-creme-100-g\/","title":{"rendered":"Bionect Creme 100 g"},"content":{"rendered":"<p>Bionect Creme f\u00f6rdert die nat\u00fcrliche Wundheilung bei Hautreizungen und Hautverletzungen. Die Creme deckt die Wunde ab, sorgt f\u00fcr ein feuchtes Wundmilieu, sch\u00fctzt gegen Scheuern, Reiben und Austrocknen und verbessert und beschleunigt die nat\u00fcrliche Wundheilung. Sie zieht schnell ein und fettet wenig.<\/p>\n","protected":false},"excerpt":{"rendered":"<p>Bionect Creme f\u00f6rdert die nat\u00fcrliche Wundheilung bei Hautreizungen und Hautverletzungen. Die Creme deckt die Wunde ab, sorgt f\u00fcr ein feuchtes Wundmilieu, sch\u00fctzt gegen Scheuern, Reiben und Austrocknen und verbessert und beschleunigt die nat\u00fcrliche Wundheilung. Sie zieht schnell ein und fettet wenig.<\/p>\n","protected":false},"featured_media":91536,"template":"","meta":{"_acf_changed":false},"product_brand":[],"product_cat":[292],"product_tag":[],"class_list":{"0":"post-91534","1":"product","2":"type-product","3":"status-publish","4":"has-post-thumbnail","6":"product_cat-b","7":"pa_packungsgroesse-100g","9":"first","10":"instock","11":"shipping-taxable","12":"purchasable","13":"product-type-simple"},"acf":[],"_links":{"self":[{"href":"https:\/\/www.hirtenberg-apotheke.at\/katalog\/wp-json\/wp\/v2\/product\/91534","targetHints":{"allow":["GET"]}}],"collection":[{"href":"https:\/\/www.hirtenberg-apotheke.at\/katalog\/wp-json\/wp\/v2\/product"}],"about":[{"href":"https:\/\/www.hirtenberg-apotheke.at\/katalog\/wp-json\/wp\/v2\/types\/product"}],"wp:featuredmedia":[{"embeddable":true,"href":"https:\/\/www.hirtenberg-apotheke.at\/katalog\/wp-json\/wp\/v2\/media\/91536"}],"wp:attachment":[{"href":"https:\/\/www.hirtenberg-apotheke.at\/katalog\/wp-json\/wp\/v2\/media?parent=91534"}],"wp:term":[{"taxonomy":"product_brand","embeddable":true,"href":"https:\/\/www.hirtenberg-apotheke.at\/katalog\/wp-json\/wp\/v2\/product_brand?post=91534"},{"taxonomy":"product_cat","embeddable":true,"href":"https:\/\/www.hirtenberg-apotheke.at\/katalog\/wp-json\/wp\/v2\/product_cat?post=91534"},{"taxonomy":"product_tag","embeddable":true,"href":"https:\/\/www.hirtenberg-apotheke.at\/katalog\/wp-json\/wp\/v2\/product_tag?post=91534"}],"curies":[{"name":"wp","href":"https:\/\/api.w.org\/{rel}","templated":true}]}}