{"id":91571,"date":"2025-12-02T18:13:32","date_gmt":"2025-12-02T17:13:32","guid":{"rendered":"https:\/\/www.hirtenberg-apotheke.at\/katalog\/produkt\/biretix-isorepair-creme-50-ml\/"},"modified":"2025-12-02T18:13:51","modified_gmt":"2025-12-02T17:13:51","slug":"biretix-isorepair-creme-50-ml","status":"publish","type":"product","link":"https:\/\/www.hirtenberg-apotheke.at\/katalog\/produkt\/biretix-isorepair-creme-50-ml\/","title":{"rendered":"Biretix Isorepair Creme 50 ml"},"content":{"rendered":"<p>Biretix Isorepair Creme 50 ml ist eine feuchtigkeitsspendende, regenerierende Creme. Repariert die durch Behandlung mit oralen und\/oder topischen Retinoiden sensibilisierte Haut.\u00a0Hinterl\u00e4sst keinen Glanz und mattiert. Biretix Isorepair Creme 50 ml ist hypoallergen und sehr gut vertr\u00e4glich. Angepasst an den pH-Wert der zu Akne neigenden Haut.Die Formulierung der Biretix Isorepair Creme 50 ml enth\u00e4lt Ceramide, Hyalurons\u00e4ure, Vitamin E und baut auf der patentierten SCA\u00ae Growth Factor Technology auf. SCA steht f\u00fcr Secretion of Cryptomphalus Aspersa, die Technologie basiert auf einem einzigartigen, nat\u00fcrlichen Reparaturenzym, welches der Haut hilft, sich nach Sch\u00e4den wieder schneller zu regenerieren. Die angenehme Textur und das rasche Einziehen reduzieren Hautreizungen und unangenehmes Spannungsgef\u00fchl. Unter dermatologischer Kontrolle getestet. Nicht komedogen.<\/p>\n","protected":false},"excerpt":{"rendered":"<p>Biretix Isorepair Creme 50 ml ist eine feuchtigkeitsspendende, regenerierende Creme. Repariert die durch Behandlung mit oralen und\/oder topischen Retinoiden sensibilisierte Haut.\u00a0Hinterl\u00e4sst keinen Glanz und mattiert. Biretix Isorepair Creme 50 ml ist hypoallergen und sehr gut vertr\u00e4glich. Angepasst an den pH-Wert der zu Akne neigenden Haut.Die Formulierung der Biretix Isorepair Creme 50 ml enth\u00e4lt Ceramide, Hyalurons\u00e4ure, [&hellip;]<\/p>\n","protected":false},"featured_media":91573,"template":"","meta":{"_acf_changed":false},"product_brand":[],"product_cat":[292],"product_tag":[],"class_list":{"0":"post-91571","1":"product","2":"type-product","3":"status-publish","4":"has-post-thumbnail","6":"product_cat-b","7":"pa_packungsgroesse-50ml","9":"first","10":"instock","11":"shipping-taxable","12":"purchasable","13":"product-type-simple"},"acf":[],"_links":{"self":[{"href":"https:\/\/www.hirtenberg-apotheke.at\/katalog\/wp-json\/wp\/v2\/product\/91571","targetHints":{"allow":["GET"]}}],"collection":[{"href":"https:\/\/www.hirtenberg-apotheke.at\/katalog\/wp-json\/wp\/v2\/product"}],"about":[{"href":"https:\/\/www.hirtenberg-apotheke.at\/katalog\/wp-json\/wp\/v2\/types\/product"}],"wp:featuredmedia":[{"embeddable":true,"href":"https:\/\/www.hirtenberg-apotheke.at\/katalog\/wp-json\/wp\/v2\/media\/91573"}],"wp:attachment":[{"href":"https:\/\/www.hirtenberg-apotheke.at\/katalog\/wp-json\/wp\/v2\/media?parent=91571"}],"wp:term":[{"taxonomy":"product_brand","embeddable":true,"href":"https:\/\/www.hirtenberg-apotheke.at\/katalog\/wp-json\/wp\/v2\/product_brand?post=91571"},{"taxonomy":"product_cat","embeddable":true,"href":"https:\/\/www.hirtenberg-apotheke.at\/katalog\/wp-json\/wp\/v2\/product_cat?post=91571"},{"taxonomy":"product_tag","embeddable":true,"href":"https:\/\/www.hirtenberg-apotheke.at\/katalog\/wp-json\/wp\/v2\/product_tag?post=91571"}],"curies":[{"name":"wp","href":"https:\/\/api.w.org\/{rel}","templated":true}]}}