{"id":91585,"date":"2025-12-02T18:14:02","date_gmt":"2025-12-02T17:14:02","guid":{"rendered":"https:\/\/www.hirtenberg-apotheke.at\/katalog\/produkt\/black-is-white-12-stk-kaugummi\/"},"modified":"2025-12-02T18:14:09","modified_gmt":"2025-12-02T17:14:09","slug":"black-is-white-12-stk-kaugummi","status":"publish","type":"product","link":"https:\/\/www.hirtenberg-apotheke.at\/katalog\/produkt\/black-is-white-12-stk-kaugummi\/","title":{"rendered":"Black is White 12 Stk. Kaugummi"},"content":{"rendered":"<p>Black is White Kaugummi macht die Z\u00e4hne dank Aktivkohle wei\u00df. Weitere wertvolle Inhaltsstoffe sch\u00fctzen vor Karies und unterst\u00fctzen die Mundhygiene. Der limonig-minzige Geschmack ist erfrischend, der Kaugummi zu 100% vegan und frei von Gentechnik.<\/p>\n","protected":false},"excerpt":{"rendered":"<p>Black is White Kaugummi macht die Z\u00e4hne dank Aktivkohle wei\u00df. Weitere wertvolle Inhaltsstoffe sch\u00fctzen vor Karies und unterst\u00fctzen die Mundhygiene. Der limonig-minzige Geschmack ist erfrischend, der Kaugummi zu 100% vegan und frei von Gentechnik.<\/p>\n","protected":false},"featured_media":91587,"template":"","meta":{"_acf_changed":false},"product_brand":[],"product_cat":[292],"product_tag":[],"class_list":{"0":"post-91585","1":"product","2":"type-product","3":"status-publish","4":"has-post-thumbnail","6":"product_cat-b","7":"pa_packungsgroesse-12-stueck","9":"first","10":"instock","11":"shipping-taxable","12":"purchasable","13":"product-type-simple"},"acf":[],"_links":{"self":[{"href":"https:\/\/www.hirtenberg-apotheke.at\/katalog\/wp-json\/wp\/v2\/product\/91585","targetHints":{"allow":["GET"]}}],"collection":[{"href":"https:\/\/www.hirtenberg-apotheke.at\/katalog\/wp-json\/wp\/v2\/product"}],"about":[{"href":"https:\/\/www.hirtenberg-apotheke.at\/katalog\/wp-json\/wp\/v2\/types\/product"}],"wp:featuredmedia":[{"embeddable":true,"href":"https:\/\/www.hirtenberg-apotheke.at\/katalog\/wp-json\/wp\/v2\/media\/91587"}],"wp:attachment":[{"href":"https:\/\/www.hirtenberg-apotheke.at\/katalog\/wp-json\/wp\/v2\/media?parent=91585"}],"wp:term":[{"taxonomy":"product_brand","embeddable":true,"href":"https:\/\/www.hirtenberg-apotheke.at\/katalog\/wp-json\/wp\/v2\/product_brand?post=91585"},{"taxonomy":"product_cat","embeddable":true,"href":"https:\/\/www.hirtenberg-apotheke.at\/katalog\/wp-json\/wp\/v2\/product_cat?post=91585"},{"taxonomy":"product_tag","embeddable":true,"href":"https:\/\/www.hirtenberg-apotheke.at\/katalog\/wp-json\/wp\/v2\/product_tag?post=91585"}],"curies":[{"name":"wp","href":"https:\/\/api.w.org\/{rel}","templated":true}]}}