{"id":91591,"date":"2025-12-02T18:14:02","date_gmt":"2025-12-02T17:14:02","guid":{"rendered":"https:\/\/www.hirtenberg-apotheke.at\/katalog\/produkt\/life-light-alpensegen-blaue-blume-kraeuterkomplex-50-ml\/"},"modified":"2025-12-02T18:14:17","modified_gmt":"2025-12-02T17:14:17","slug":"life-light-alpensegen-blaue-blume-kraeuterkomplex-50-ml","status":"publish","type":"product","link":"https:\/\/www.hirtenberg-apotheke.at\/katalog\/produkt\/life-light-alpensegen-blaue-blume-kraeuterkomplex-50-ml\/","title":{"rendered":"Life Light Alpensegen Blaue Blume Kr\u00e4uterkomplex 50 ml"},"content":{"rendered":"<p>Blaue Blume Kr\u00e4uterkomplex Life Light unterst\u00fctzt eine gesunde Balance des Stoffwechsels und der Entgiftungs- und Verdauungsleistung des K\u00f6rpers. Auf mentaler Ebene f\u00f6rdern die ausgew\u00e4hlten Kr\u00e4uter die Willensst\u00e4rke und Ausdauer um \u00fcberstarken ungesunden Versuchungen konsequent widerstehen zu k\u00f6nnen.<\/p>\n","protected":false},"excerpt":{"rendered":"<p>Blaue Blume Kr\u00e4uterkomplex Life Light unterst\u00fctzt eine gesunde Balance des Stoffwechsels und der Entgiftungs- und Verdauungsleistung des K\u00f6rpers. Auf mentaler Ebene f\u00f6rdern die ausgew\u00e4hlten Kr\u00e4uter die Willensst\u00e4rke und Ausdauer um \u00fcberstarken ungesunden Versuchungen konsequent widerstehen zu k\u00f6nnen.<\/p>\n","protected":false},"featured_media":91593,"template":"","meta":{"_acf_changed":false},"product_brand":[],"product_cat":[317],"product_tag":[],"class_list":{"0":"post-91591","1":"product","2":"type-product","3":"status-publish","4":"has-post-thumbnail","6":"product_cat-l","7":"pa_packungsgroesse-50ml","9":"first","10":"instock","11":"shipping-taxable","12":"purchasable","13":"product-type-simple"},"acf":[],"_links":{"self":[{"href":"https:\/\/www.hirtenberg-apotheke.at\/katalog\/wp-json\/wp\/v2\/product\/91591","targetHints":{"allow":["GET"]}}],"collection":[{"href":"https:\/\/www.hirtenberg-apotheke.at\/katalog\/wp-json\/wp\/v2\/product"}],"about":[{"href":"https:\/\/www.hirtenberg-apotheke.at\/katalog\/wp-json\/wp\/v2\/types\/product"}],"wp:featuredmedia":[{"embeddable":true,"href":"https:\/\/www.hirtenberg-apotheke.at\/katalog\/wp-json\/wp\/v2\/media\/91593"}],"wp:attachment":[{"href":"https:\/\/www.hirtenberg-apotheke.at\/katalog\/wp-json\/wp\/v2\/media?parent=91591"}],"wp:term":[{"taxonomy":"product_brand","embeddable":true,"href":"https:\/\/www.hirtenberg-apotheke.at\/katalog\/wp-json\/wp\/v2\/product_brand?post=91591"},{"taxonomy":"product_cat","embeddable":true,"href":"https:\/\/www.hirtenberg-apotheke.at\/katalog\/wp-json\/wp\/v2\/product_cat?post=91591"},{"taxonomy":"product_tag","embeddable":true,"href":"https:\/\/www.hirtenberg-apotheke.at\/katalog\/wp-json\/wp\/v2\/product_tag?post=91591"}],"curies":[{"name":"wp","href":"https:\/\/api.w.org\/{rel}","templated":true}]}}