{"id":91671,"date":"2025-12-02T18:16:27","date_gmt":"2025-12-02T17:16:27","guid":{"rendered":"https:\/\/www.hirtenberg-apotheke.at\/katalog\/produkt\/werz-braunhirse-bio-ganz-keimfaehig\/"},"modified":"2025-12-02T18:16:48","modified_gmt":"2025-12-02T17:16:48","slug":"werz-braunhirse-bio-ganz-keimfaehig","status":"publish","type":"product","link":"https:\/\/www.hirtenberg-apotheke.at\/katalog\/produkt\/werz-braunhirse-bio-ganz-keimfaehig\/","title":{"rendered":"Werz Braunhirse Bio Ganz keimf\u00e4hig"},"content":{"rendered":"<p>Werz Braunhirse Bio Ganz keimf\u00e4hig n der Wildform ist ein besonders wertvolles Lebensmittel vom Bio-Vollwert-Pionier Naturkorn-M\u00fchle Werz. Sie eignet sich sowohl zum Keimen als auch zum Vermahlen mit der Haushalts-Getreidem\u00fchle. Sie k\u00f6nnen das so entstehende Mehl ungekocht verzehren. Wenn die Braunhirse etwas gr\u00f6ber vermahlen wird, kann sie \u00fcber Nacht eingeweicht werden.<\/p>\n","protected":false},"excerpt":{"rendered":"<p>Werz Braunhirse Bio Ganz keimf\u00e4hig n der Wildform ist ein besonders wertvolles Lebensmittel vom Bio-Vollwert-Pionier Naturkorn-M\u00fchle Werz. Sie eignet sich sowohl zum Keimen als auch zum Vermahlen mit der Haushalts-Getreidem\u00fchle. Sie k\u00f6nnen das so entstehende Mehl ungekocht verzehren. Wenn die Braunhirse etwas gr\u00f6ber vermahlen wird, kann sie \u00fcber Nacht eingeweicht werden.<\/p>\n","protected":false},"featured_media":91673,"template":"","meta":{"_acf_changed":false},"product_brand":[],"product_cat":[368],"product_tag":[],"class_list":{"0":"post-91671","1":"product","2":"type-product","3":"status-publish","4":"has-post-thumbnail","6":"product_cat-w","7":"pa_packungsgroesse-500g","9":"first","10":"instock","11":"shipping-taxable","12":"purchasable","13":"product-type-simple"},"acf":[],"_links":{"self":[{"href":"https:\/\/www.hirtenberg-apotheke.at\/katalog\/wp-json\/wp\/v2\/product\/91671","targetHints":{"allow":["GET"]}}],"collection":[{"href":"https:\/\/www.hirtenberg-apotheke.at\/katalog\/wp-json\/wp\/v2\/product"}],"about":[{"href":"https:\/\/www.hirtenberg-apotheke.at\/katalog\/wp-json\/wp\/v2\/types\/product"}],"wp:featuredmedia":[{"embeddable":true,"href":"https:\/\/www.hirtenberg-apotheke.at\/katalog\/wp-json\/wp\/v2\/media\/91673"}],"wp:attachment":[{"href":"https:\/\/www.hirtenberg-apotheke.at\/katalog\/wp-json\/wp\/v2\/media?parent=91671"}],"wp:term":[{"taxonomy":"product_brand","embeddable":true,"href":"https:\/\/www.hirtenberg-apotheke.at\/katalog\/wp-json\/wp\/v2\/product_brand?post=91671"},{"taxonomy":"product_cat","embeddable":true,"href":"https:\/\/www.hirtenberg-apotheke.at\/katalog\/wp-json\/wp\/v2\/product_cat?post=91671"},{"taxonomy":"product_tag","embeddable":true,"href":"https:\/\/www.hirtenberg-apotheke.at\/katalog\/wp-json\/wp\/v2\/product_tag?post=91671"}],"curies":[{"name":"wp","href":"https:\/\/api.w.org\/{rel}","templated":true}]}}