{"id":91716,"date":"2025-12-02T18:18:00","date_gmt":"2025-12-02T17:18:00","guid":{"rendered":"https:\/\/www.hirtenberg-apotheke.at\/katalog\/produkt\/dr-beckmann-fleckenteufel-buero-heimwerken-50-ml\/"},"modified":"2025-12-02T18:18:11","modified_gmt":"2025-12-02T17:18:11","slug":"dr-beckmann-fleckenteufel-buero-heimwerken-50-ml","status":"publish","type":"product","link":"https:\/\/www.hirtenberg-apotheke.at\/katalog\/produkt\/dr-beckmann-fleckenteufel-buero-heimwerken-50-ml\/","title":{"rendered":"Dr. Beckmann Fleckenteufel B\u00fcro\/Heimwerken 50 ml"},"content":{"rendered":"<p>Dr. Beckmann Fleckenteufel B\u00fcro\/Heimwerken ist fein abgestimmt auf die Eigenschaften stark anhaftender Flecken. Die Formel mit extra starker L\u00f6sekraft dringt in den Fleck und das Gewebe ein und erm\u00f6glicht eine Abl\u00f6sung des Flecks. Das gilt sowohl f\u00fcr Kaugummiflecken als auch f\u00fcr Kleber- oder Nagellackflecken sowie weitere Flecken.<\/p>\n","protected":false},"excerpt":{"rendered":"<p>Dr. Beckmann Fleckenteufel B\u00fcro\/Heimwerken ist fein abgestimmt auf die Eigenschaften stark anhaftender Flecken. Die Formel mit extra starker L\u00f6sekraft dringt in den Fleck und das Gewebe ein und erm\u00f6glicht eine Abl\u00f6sung des Flecks. Das gilt sowohl f\u00fcr Kaugummiflecken als auch f\u00fcr Kleber- oder Nagellackflecken sowie weitere Flecken.<\/p>\n","protected":false},"featured_media":91718,"template":"","meta":{"_acf_changed":false},"product_brand":[],"product_cat":[295],"product_tag":[],"class_list":{"0":"post-91716","1":"product","2":"type-product","3":"status-publish","4":"has-post-thumbnail","6":"product_cat-d","7":"pa_packungsgroesse-50ml","9":"first","10":"instock","11":"shipping-taxable","12":"purchasable","13":"product-type-simple"},"acf":[],"_links":{"self":[{"href":"https:\/\/www.hirtenberg-apotheke.at\/katalog\/wp-json\/wp\/v2\/product\/91716","targetHints":{"allow":["GET"]}}],"collection":[{"href":"https:\/\/www.hirtenberg-apotheke.at\/katalog\/wp-json\/wp\/v2\/product"}],"about":[{"href":"https:\/\/www.hirtenberg-apotheke.at\/katalog\/wp-json\/wp\/v2\/types\/product"}],"wp:featuredmedia":[{"embeddable":true,"href":"https:\/\/www.hirtenberg-apotheke.at\/katalog\/wp-json\/wp\/v2\/media\/91718"}],"wp:attachment":[{"href":"https:\/\/www.hirtenberg-apotheke.at\/katalog\/wp-json\/wp\/v2\/media?parent=91716"}],"wp:term":[{"taxonomy":"product_brand","embeddable":true,"href":"https:\/\/www.hirtenberg-apotheke.at\/katalog\/wp-json\/wp\/v2\/product_brand?post=91716"},{"taxonomy":"product_cat","embeddable":true,"href":"https:\/\/www.hirtenberg-apotheke.at\/katalog\/wp-json\/wp\/v2\/product_cat?post=91716"},{"taxonomy":"product_tag","embeddable":true,"href":"https:\/\/www.hirtenberg-apotheke.at\/katalog\/wp-json\/wp\/v2\/product_tag?post=91716"}],"curies":[{"name":"wp","href":"https:\/\/api.w.org\/{rel}","templated":true}]}}