{"id":91719,"date":"2025-12-02T18:18:11","date_gmt":"2025-12-02T17:18:11","guid":{"rendered":"https:\/\/www.hirtenberg-apotheke.at\/katalog\/produkt\/burgerstein-topfit-60-stk\/"},"modified":"2025-12-02T18:18:22","modified_gmt":"2025-12-02T17:18:22","slug":"burgerstein-topfit-60-stk","status":"publish","type":"product","link":"https:\/\/www.hirtenberg-apotheke.at\/katalog\/produkt\/burgerstein-topfit-60-stk\/","title":{"rendered":"Burgerstein TopFit 60 Stk."},"content":{"rendered":"<p>T\u00e4glich stressfrei und topfit.&#13;<br \/>\n&#13;<br \/>\nBurgerstein TopFit umfasst eine gro\u00dfe Auswahl an Mikron\u00e4hrstoffen kombiniert mit einem hoch konzentrierten Ginseng-Extrakt. Diese Formulierung wurde nach aktuellen wissenschaftlichen Erkenntnissen formuliert.&#13;<br \/>\n&#13;<br \/>\n&#13;<br \/>\n&#13;<br \/>\n&#13;<br \/>\nAls Nachfolger zu unserem &#8222;TopVital One-A-Day&#8220; steht es in seiner Formulierung in nichts nach! Zudem haben wir es wieder geschafft, die Tagesdosis in EINE Kapsel zu bringen.&#13;<br \/>\n&#13;<br \/>\n&#13;<br \/>\n&#13;<br \/>\n&#13;<br \/>\n&#13;<br \/>\nMit seinen 20 Inhaltsstoffen deckt TopFit den t\u00e4glich gehobenen Mikron\u00e4hrstoffbedarf ab und versorgt Ihren K\u00f6rper mit den wichtigsten Mikron\u00e4hrstoffen.&#13;<br \/>\n&#13;<br \/>\nVitamine: A, B1, B2, B3, B5, B6, B9, B12, Biotin, C, D3 und E&#13;<br \/>\nSpurenelemente: Magnesium, Eisen, Zink, Kupfer, Mangan, Selen, Molybd\u00e4n&#13;<br \/>\nsonstige Inhalte: hochwertiger Ginseng-Extrakt (Panax ginseng C.A.Meyer)&#13;<br \/>\n&#13;<br \/>\nDie Vitamine C und E sowie Selen, Mangan, Kupfer und Zink tragen dazu bei, die Zellen vor oxidativem Stress zu sch\u00fctzen. Die Vitamine B2, B6, B12 und C sowie Magnesium tragen zu einer normalen Funktion des Nervensystems und zur Verringerung von M\u00fcdigkeit und Erm\u00fcdung bei. Ideal in Zeiten erh\u00f6hter Belastung oder f\u00fcr die t\u00e4gliche Nahrungserg\u00e4nzung.&#13;<br \/>\n&#13;<br \/>\nTopFit unterst\u00fctzt&#8230;&#13;<br \/>\n&#8230; mit 1 Kapsel pro Tag f\u00fcr ein intaktes Immunsystem&#13;<br \/>\n&#8230; f\u00fcr eine bessere Stressverarbeitung durch alle 8 B-Vitamine&#13;<br \/>\n&#8230; mit Ginseng-Extrakt&#13;<br \/>\nZur F\u00f6rderung des physischen und psychischen Gleichgewichtes&#13;<br \/>\n&#8230; die Nerven&#13;<br \/>\nDie Vitamine B2, B6, B12 und C sowie Magnesium tragen zu einer normalen Funktion des Nervensystems bei.&#13;<br \/>\n&#8230; bei M\u00fcdigkeit und Erm\u00fcdung&#13;<br \/>\nDie Vitamine B2, B6, B12 und C sowie Magnesium tragen zur Verringerung von M\u00fcdigkeit und Erm\u00fcdung bei.&#13;<br \/>\n&#8230; den Energiestoffwechsel&#13;<br \/>\nDie Vitamine B1, B2, B6, B12, C sowie Kupfer, Mangan und Eisen tragen zu einem normalen Energiestoffwechsel bei.&#13;<br \/>\n&#8230; bei Oxidativer Stress&#13;<br \/>\nDie Vitamine C und E sowie Selen, Mangan, Kupfer und Zink tragen dazu bei, die Zellen vor oxidativem Stress zu sch\u00fctzen.&#13;<br \/>\n&#8230; das Immunsystem&#13;<br \/>\nDie Vitamine B2, B6, B12, C, D, Magnesium, Biotin, Mangan, Kupfer, Eisen, Zink und Selen tragen zu einem normalen Immunsystem bei.&#13;<br \/>\n&#8230; Best Ager \/ 50+&#13;<br \/>\nSichert Erwachsenen in jedem Alter eine ausreichende Basisversorgung mit den wichtigsten Mikron\u00e4hrstoffen.&#13;<br \/>\n&#13;<br \/>\n&#13;<br \/>\nGinseng-Extrakt&#13;<br \/>\n&#13;<br \/>\nDer Ginseng-Extrakt wurde auf einen neuen \u2013 h\u00f6her konzentrierten Ginseng Extrakt umgestellt (auf Panax ginseng C.A. Meyer). Somit enthalten 36 mg des neuen Extraktes gleichviel verwertbare Ginsenoside wie vorher die 100 mg. In den Wurzeln enthalten sind die aktiven Inhaltsstoffe, u.a. die Ginsenoside. Diese sollen den Stoffwechsel anregen, das Immunsystem st\u00e4rken und adaptogene Eigenschaften aufweisen. Adaptogene sind nat\u00fcrliche Pflanzenwirkstoffe, welche die F\u00e4higkeit, mit Stressfaktoren umzugehen, verbessern.&#13;<br \/>\n&#13;<br \/>\n&#13;<br \/>\nMagnesium&#13;<br \/>\n&#13;<br \/>\nMagnesium \u2013 wurde in der neuen Formulierung erh\u00f6ht, da es bei vielen Stoffwechselprozessen im K\u00f6rper ben\u00f6tigt wird. Es unterst\u00fctzt:&#13;<br \/>\n&#13;<br \/>\ndie normale Funktion des Nervensystems und der Muskeln&#13;<br \/>\ndie Erhaltung von Knochen &#038; Z\u00e4hnen&#13;<br \/>\ndie Verringerung von M\u00fcdigkeit und Erm\u00fcdung<\/p>\n","protected":false},"excerpt":{"rendered":"<p>T\u00e4glich stressfrei und topfit.&#13; &#13; Burgerstein TopFit umfasst eine gro\u00dfe Auswahl an Mikron\u00e4hrstoffen kombiniert mit einem hoch konzentrierten Ginseng-Extrakt. Diese Formulierung wurde nach aktuellen wissenschaftlichen Erkenntnissen formuliert.&#13; &#13; &#13; &#13; &#13; Als Nachfolger zu unserem &#8222;TopVital One-A-Day&#8220; steht es in seiner Formulierung in nichts nach! Zudem haben wir es wieder geschafft, die Tagesdosis in EINE [&hellip;]<\/p>\n","protected":false},"featured_media":0,"template":"","meta":{"_acf_changed":false},"product_brand":[422],"product_cat":[292],"product_tag":[],"class_list":{"0":"post-91719","1":"product","2":"type-product","3":"status-publish","5":"product_brand-burgerstein","6":"product_cat-b","7":"pa_packungsgroesse-60-stueck","9":"first","10":"instock","11":"shipping-taxable","12":"purchasable","13":"product-type-simple"},"acf":[],"_links":{"self":[{"href":"https:\/\/www.hirtenberg-apotheke.at\/katalog\/wp-json\/wp\/v2\/product\/91719","targetHints":{"allow":["GET"]}}],"collection":[{"href":"https:\/\/www.hirtenberg-apotheke.at\/katalog\/wp-json\/wp\/v2\/product"}],"about":[{"href":"https:\/\/www.hirtenberg-apotheke.at\/katalog\/wp-json\/wp\/v2\/types\/product"}],"wp:attachment":[{"href":"https:\/\/www.hirtenberg-apotheke.at\/katalog\/wp-json\/wp\/v2\/media?parent=91719"}],"wp:term":[{"taxonomy":"product_brand","embeddable":true,"href":"https:\/\/www.hirtenberg-apotheke.at\/katalog\/wp-json\/wp\/v2\/product_brand?post=91719"},{"taxonomy":"product_cat","embeddable":true,"href":"https:\/\/www.hirtenberg-apotheke.at\/katalog\/wp-json\/wp\/v2\/product_cat?post=91719"},{"taxonomy":"product_tag","embeddable":true,"href":"https:\/\/www.hirtenberg-apotheke.at\/katalog\/wp-json\/wp\/v2\/product_tag?post=91719"}],"curies":[{"name":"wp","href":"https:\/\/api.w.org\/{rel}","templated":true}]}}