{"id":91743,"date":"2025-12-02T18:18:55","date_gmt":"2025-12-02T17:18:55","guid":{"rendered":"https:\/\/www.hirtenberg-apotheke.at\/katalog\/produkt\/ca-d3-plus-k2-stada-filmtabletten-30-stk\/"},"modified":"2025-12-02T18:19:13","modified_gmt":"2025-12-02T17:19:13","slug":"ca-d3-plus-k2-stada-filmtabletten-30-stk","status":"publish","type":"product","link":"https:\/\/www.hirtenberg-apotheke.at\/katalog\/produkt\/ca-d3-plus-k2-stada-filmtabletten-30-stk\/","title":{"rendered":"Ca-D3 plus K2 STADA Filmtabletten 30 Stk."},"content":{"rendered":"<p>Ca-D3 plus K2 STADA ist ein Nahrungserg\u00e4nzungsmittel mit Kalzium, Vitamin D3 und Vitamin K2 speziell f\u00fcr Frauen ab 50 Jahren. Es tr\u00e4gt dazu bei durch Osteoporose bedingten Knochenbru\u0308chen vorzubeugen. Daru\u0308ber hinaus tragen die Vitamine K und D sowie Kalzium zur Erhaltung normaler Knochen bei.<\/p>\n","protected":false},"excerpt":{"rendered":"<p>Ca-D3 plus K2 STADA ist ein Nahrungserg\u00e4nzungsmittel mit Kalzium, Vitamin D3 und Vitamin K2 speziell f\u00fcr Frauen ab 50 Jahren. Es tr\u00e4gt dazu bei durch Osteoporose bedingten Knochenbru\u0308chen vorzubeugen. Daru\u0308ber hinaus tragen die Vitamine K und D sowie Kalzium zur Erhaltung normaler Knochen bei.<\/p>\n","protected":false},"featured_media":91745,"template":"","meta":{"_acf_changed":false},"product_brand":[],"product_cat":[337],"product_tag":[],"class_list":{"0":"post-91743","1":"product","2":"type-product","3":"status-publish","4":"has-post-thumbnail","6":"product_cat-c","7":"pa_packungsgroesse-30-stueck","9":"first","10":"instock","11":"shipping-taxable","12":"purchasable","13":"product-type-simple"},"acf":[],"_links":{"self":[{"href":"https:\/\/www.hirtenberg-apotheke.at\/katalog\/wp-json\/wp\/v2\/product\/91743","targetHints":{"allow":["GET"]}}],"collection":[{"href":"https:\/\/www.hirtenberg-apotheke.at\/katalog\/wp-json\/wp\/v2\/product"}],"about":[{"href":"https:\/\/www.hirtenberg-apotheke.at\/katalog\/wp-json\/wp\/v2\/types\/product"}],"wp:featuredmedia":[{"embeddable":true,"href":"https:\/\/www.hirtenberg-apotheke.at\/katalog\/wp-json\/wp\/v2\/media\/91745"}],"wp:attachment":[{"href":"https:\/\/www.hirtenberg-apotheke.at\/katalog\/wp-json\/wp\/v2\/media?parent=91743"}],"wp:term":[{"taxonomy":"product_brand","embeddable":true,"href":"https:\/\/www.hirtenberg-apotheke.at\/katalog\/wp-json\/wp\/v2\/product_brand?post=91743"},{"taxonomy":"product_cat","embeddable":true,"href":"https:\/\/www.hirtenberg-apotheke.at\/katalog\/wp-json\/wp\/v2\/product_cat?post=91743"},{"taxonomy":"product_tag","embeddable":true,"href":"https:\/\/www.hirtenberg-apotheke.at\/katalog\/wp-json\/wp\/v2\/product_tag?post=91743"}],"curies":[{"name":"wp","href":"https:\/\/api.w.org\/{rel}","templated":true}]}}