{"id":91767,"date":"2025-12-02T18:19:30","date_gmt":"2025-12-02T17:19:30","guid":{"rendered":"https:\/\/www.hirtenberg-apotheke.at\/katalog\/produkt\/schuessler-nr-12-calcium-dhu-d-6-p-1000-g-d-6\/"},"modified":"2025-12-02T18:19:33","modified_gmt":"2025-12-02T17:19:33","slug":"schuessler-nr-12-calcium-dhu-d-6-p-1000-g-d-6","status":"publish","type":"product","link":"https:\/\/www.hirtenberg-apotheke.at\/katalog\/produkt\/schuessler-nr-12-calcium-dhu-d-6-p-1000-g-d-6\/","title":{"rendered":"Sch\u00fc\u00dfler Nr. 12 Calcium DHU D 6 P 1000 g D 6"},"content":{"rendered":"<p>Sch\u00fc\u00dfler Nr. 12 Calcium DHU D 6 P 1000 g D 6 ist<\/p>\n","protected":false},"excerpt":{"rendered":"<p>Sch\u00fc\u00dfler Nr. 12 Calcium DHU D 6 P 1000 g D 6 ist<\/p>\n","protected":false},"featured_media":91769,"template":"","meta":{"_acf_changed":false},"product_brand":[1431],"product_cat":[303],"product_tag":[],"class_list":{"0":"post-91767","1":"product","2":"type-product","3":"status-publish","4":"has-post-thumbnail","6":"product_brand-dhu","7":"product_cat-s","8":"pa_packungsgroesse-1000g","10":"first","11":"instock","12":"shipping-taxable","13":"purchasable","14":"product-type-simple"},"acf":[],"_links":{"self":[{"href":"https:\/\/www.hirtenberg-apotheke.at\/katalog\/wp-json\/wp\/v2\/product\/91767","targetHints":{"allow":["GET"]}}],"collection":[{"href":"https:\/\/www.hirtenberg-apotheke.at\/katalog\/wp-json\/wp\/v2\/product"}],"about":[{"href":"https:\/\/www.hirtenberg-apotheke.at\/katalog\/wp-json\/wp\/v2\/types\/product"}],"wp:featuredmedia":[{"embeddable":true,"href":"https:\/\/www.hirtenberg-apotheke.at\/katalog\/wp-json\/wp\/v2\/media\/91769"}],"wp:attachment":[{"href":"https:\/\/www.hirtenberg-apotheke.at\/katalog\/wp-json\/wp\/v2\/media?parent=91767"}],"wp:term":[{"taxonomy":"product_brand","embeddable":true,"href":"https:\/\/www.hirtenberg-apotheke.at\/katalog\/wp-json\/wp\/v2\/product_brand?post=91767"},{"taxonomy":"product_cat","embeddable":true,"href":"https:\/\/www.hirtenberg-apotheke.at\/katalog\/wp-json\/wp\/v2\/product_cat?post=91767"},{"taxonomy":"product_tag","embeddable":true,"href":"https:\/\/www.hirtenberg-apotheke.at\/katalog\/wp-json\/wp\/v2\/product_tag?post=91767"}],"curies":[{"name":"wp","href":"https:\/\/api.w.org\/{rel}","templated":true}]}}