{"id":91844,"date":"2025-12-02T18:21:14","date_gmt":"2025-12-02T17:21:14","guid":{"rendered":"https:\/\/www.hirtenberg-apotheke.at\/katalog\/produkt\/cationorm-sd-sine-30-stk\/"},"modified":"2025-12-02T18:21:45","modified_gmt":"2025-12-02T17:21:45","slug":"cationorm-sd-sine-30-stk","status":"publish","type":"product","link":"https:\/\/www.hirtenberg-apotheke.at\/katalog\/produkt\/cationorm-sd-sine-30-stk\/","title":{"rendered":"Cationorm SD sine 30 Stk."},"content":{"rendered":"<p>Cationorm ist ein innovatives Tr\u00e4nenersatzmittel in Form einer \u00d6l-in-Wasser-Emulsion. Direkt nach dem Eintropfen verteilt sich die Emulsion gleichm\u00e4\u00dfig auf der Augenoberfl\u00e4che und unterst\u00fctzt aufgrund seiner einzigartigen Zusammensetzung alle drei Schichten des Tr\u00e4nenfilms. Sie sch\u00fctzt, befeuchtet und benetzt die Augenoberfl\u00e4che und sorgt dadurch f\u00fcr eine schnelle und effektive Linderung bei Symptomen trockener Augen &#8211; jetzt bestellen und ohne Wartezeit in der Apotheke abholen!<\/p>\n","protected":false},"excerpt":{"rendered":"<p>Cationorm ist ein innovatives Tr\u00e4nenersatzmittel in Form einer \u00d6l-in-Wasser-Emulsion. Direkt nach dem Eintropfen verteilt sich die Emulsion gleichm\u00e4\u00dfig auf der Augenoberfl\u00e4che und unterst\u00fctzt aufgrund seiner einzigartigen Zusammensetzung alle drei Schichten des Tr\u00e4nenfilms. Sie sch\u00fctzt, befeuchtet und benetzt die Augenoberfl\u00e4che und sorgt dadurch f\u00fcr eine schnelle und effektive Linderung bei Symptomen trockener Augen &#8211; jetzt bestellen [&hellip;]<\/p>\n","protected":false},"featured_media":0,"template":"","meta":{"_acf_changed":false},"product_brand":[],"product_cat":[337],"product_tag":[],"class_list":{"0":"post-91844","1":"product","2":"type-product","3":"status-publish","5":"product_cat-c","6":"pa_packungsgroesse-30-stueck","8":"first","9":"instock","10":"shipping-taxable","11":"purchasable","12":"product-type-simple"},"acf":[],"_links":{"self":[{"href":"https:\/\/www.hirtenberg-apotheke.at\/katalog\/wp-json\/wp\/v2\/product\/91844","targetHints":{"allow":["GET"]}}],"collection":[{"href":"https:\/\/www.hirtenberg-apotheke.at\/katalog\/wp-json\/wp\/v2\/product"}],"about":[{"href":"https:\/\/www.hirtenberg-apotheke.at\/katalog\/wp-json\/wp\/v2\/types\/product"}],"wp:attachment":[{"href":"https:\/\/www.hirtenberg-apotheke.at\/katalog\/wp-json\/wp\/v2\/media?parent=91844"}],"wp:term":[{"taxonomy":"product_brand","embeddable":true,"href":"https:\/\/www.hirtenberg-apotheke.at\/katalog\/wp-json\/wp\/v2\/product_brand?post=91844"},{"taxonomy":"product_cat","embeddable":true,"href":"https:\/\/www.hirtenberg-apotheke.at\/katalog\/wp-json\/wp\/v2\/product_cat?post=91844"},{"taxonomy":"product_tag","embeddable":true,"href":"https:\/\/www.hirtenberg-apotheke.at\/katalog\/wp-json\/wp\/v2\/product_tag?post=91844"}],"curies":[{"name":"wp","href":"https:\/\/api.w.org\/{rel}","templated":true}]}}