{"id":91849,"date":"2025-12-02T18:21:49","date_gmt":"2025-12-02T17:21:49","guid":{"rendered":"https:\/\/www.hirtenberg-apotheke.at\/katalog\/produkt\/cavit-w-tube-10-stk\/"},"modified":"2025-12-02T18:21:53","modified_gmt":"2025-12-02T17:21:53","slug":"cavit-w-tube-10-stk","status":"publish","type":"product","link":"https:\/\/www.hirtenberg-apotheke.at\/katalog\/produkt\/cavit-w-tube-10-stk\/","title":{"rendered":"Cavit W Tube 10 Stk."},"content":{"rendered":"<p>Cavit W Tube ist aufgrund seiner hohen Oberfl\u00e4chenh\u00e4rte geeignet f\u00fcr okklusal belastete Verschl\u00fcsse und provisorische Stiftzahnbefestigungen. Selbsth\u00e4rtende, r\u00f6ntgensichtbare Verschlussmasse f\u00fcr die provisorische Kavit\u00e4tenversorgung.<\/p>\n","protected":false},"excerpt":{"rendered":"<p>Cavit W Tube ist aufgrund seiner hohen Oberfl\u00e4chenh\u00e4rte geeignet f\u00fcr okklusal belastete Verschl\u00fcsse und provisorische Stiftzahnbefestigungen. Selbsth\u00e4rtende, r\u00f6ntgensichtbare Verschlussmasse f\u00fcr die provisorische Kavit\u00e4tenversorgung.<\/p>\n","protected":false},"featured_media":91851,"template":"","meta":{"_acf_changed":false},"product_brand":[],"product_cat":[337],"product_tag":[],"class_list":{"0":"post-91849","1":"product","2":"type-product","3":"status-publish","4":"has-post-thumbnail","6":"product_cat-c","7":"pa_packungsgroesse-10-stueck","9":"first","10":"instock","11":"shipping-taxable","12":"purchasable","13":"product-type-simple"},"acf":[],"_links":{"self":[{"href":"https:\/\/www.hirtenberg-apotheke.at\/katalog\/wp-json\/wp\/v2\/product\/91849","targetHints":{"allow":["GET"]}}],"collection":[{"href":"https:\/\/www.hirtenberg-apotheke.at\/katalog\/wp-json\/wp\/v2\/product"}],"about":[{"href":"https:\/\/www.hirtenberg-apotheke.at\/katalog\/wp-json\/wp\/v2\/types\/product"}],"wp:featuredmedia":[{"embeddable":true,"href":"https:\/\/www.hirtenberg-apotheke.at\/katalog\/wp-json\/wp\/v2\/media\/91851"}],"wp:attachment":[{"href":"https:\/\/www.hirtenberg-apotheke.at\/katalog\/wp-json\/wp\/v2\/media?parent=91849"}],"wp:term":[{"taxonomy":"product_brand","embeddable":true,"href":"https:\/\/www.hirtenberg-apotheke.at\/katalog\/wp-json\/wp\/v2\/product_brand?post=91849"},{"taxonomy":"product_cat","embeddable":true,"href":"https:\/\/www.hirtenberg-apotheke.at\/katalog\/wp-json\/wp\/v2\/product_cat?post=91849"},{"taxonomy":"product_tag","embeddable":true,"href":"https:\/\/www.hirtenberg-apotheke.at\/katalog\/wp-json\/wp\/v2\/product_tag?post=91849"}],"curies":[{"name":"wp","href":"https:\/\/api.w.org\/{rel}","templated":true}]}}