{"id":91895,"date":"2025-12-02T18:23:05","date_gmt":"2025-12-02T17:23:05","guid":{"rendered":"https:\/\/www.hirtenberg-apotheke.at\/katalog\/produkt\/centrum-capletten-tabletten-junior-30-stk\/"},"modified":"2025-12-02T18:23:26","modified_gmt":"2025-12-02T17:23:26","slug":"centrum-capletten-tabletten-junior-30-stk","status":"publish","type":"product","link":"https:\/\/www.hirtenberg-apotheke.at\/katalog\/produkt\/centrum-capletten-tabletten-junior-30-stk\/","title":{"rendered":"Centrum Capletten\/Tabletten Junior 30 Stk."},"content":{"rendered":"<p>Centrum Capletten\/Tabletten Junior enthalten alle Vitamine sowie Mineralstoffe und Spurenelemente und eignen sich als Nahrungserg\u00e4nzungsmittel f\u00fcr Kinder ab vier Jahren. Die Kaucapletten haben einen angenehmen Zitronen-Erdbeergeschmack, sind glutenfrei und auch f\u00fcr Kinder mit Diabetes geeignet.<\/p>\n","protected":false},"excerpt":{"rendered":"<p>Centrum Capletten\/Tabletten Junior enthalten alle Vitamine sowie Mineralstoffe und Spurenelemente und eignen sich als Nahrungserg\u00e4nzungsmittel f\u00fcr Kinder ab vier Jahren. Die Kaucapletten haben einen angenehmen Zitronen-Erdbeergeschmack, sind glutenfrei und auch f\u00fcr Kinder mit Diabetes geeignet.<\/p>\n","protected":false},"featured_media":91897,"template":"","meta":{"_acf_changed":false},"product_brand":[],"product_cat":[337],"product_tag":[],"class_list":{"0":"post-91895","1":"product","2":"type-product","3":"status-publish","4":"has-post-thumbnail","6":"product_cat-c","7":"pa_packungsgroesse-30-stueck","9":"first","10":"instock","11":"shipping-taxable","12":"purchasable","13":"product-type-simple"},"acf":[],"_links":{"self":[{"href":"https:\/\/www.hirtenberg-apotheke.at\/katalog\/wp-json\/wp\/v2\/product\/91895","targetHints":{"allow":["GET"]}}],"collection":[{"href":"https:\/\/www.hirtenberg-apotheke.at\/katalog\/wp-json\/wp\/v2\/product"}],"about":[{"href":"https:\/\/www.hirtenberg-apotheke.at\/katalog\/wp-json\/wp\/v2\/types\/product"}],"wp:featuredmedia":[{"embeddable":true,"href":"https:\/\/www.hirtenberg-apotheke.at\/katalog\/wp-json\/wp\/v2\/media\/91897"}],"wp:attachment":[{"href":"https:\/\/www.hirtenberg-apotheke.at\/katalog\/wp-json\/wp\/v2\/media?parent=91895"}],"wp:term":[{"taxonomy":"product_brand","embeddable":true,"href":"https:\/\/www.hirtenberg-apotheke.at\/katalog\/wp-json\/wp\/v2\/product_brand?post=91895"},{"taxonomy":"product_cat","embeddable":true,"href":"https:\/\/www.hirtenberg-apotheke.at\/katalog\/wp-json\/wp\/v2\/product_cat?post=91895"},{"taxonomy":"product_tag","embeddable":true,"href":"https:\/\/www.hirtenberg-apotheke.at\/katalog\/wp-json\/wp\/v2\/product_tag?post=91895"}],"curies":[{"name":"wp","href":"https:\/\/api.w.org\/{rel}","templated":true}]}}