{"id":91949,"date":"2025-12-02T18:24:44","date_gmt":"2025-12-02T17:24:44","guid":{"rendered":"https:\/\/www.hirtenberg-apotheke.at\/katalog\/produkt\/cetaphil-sun-daylong-sensitive-gel-creme-spf50-100-ml\/"},"modified":"2025-12-02T18:24:58","modified_gmt":"2025-12-02T17:24:58","slug":"cetaphil-sun-daylong-sensitive-gel-creme-spf50-100-ml","status":"publish","type":"product","link":"https:\/\/www.hirtenberg-apotheke.at\/katalog\/produkt\/cetaphil-sun-daylong-sensitive-gel-creme-spf50-100-ml\/","title":{"rendered":"Cetaphil Sun Daylong Sensitive Gel-Creme SPF50+ 100 ml"},"content":{"rendered":"<p>Die Cetaphil\u00ae Sun Daylong\u2122 Sensitive Gel-Creme SPF 50+ zieht schnell ein und sorgt dank der fettfreien Formulierung f\u00fcr ein angenehmes Hautgef\u00fchl. Die Wirksamkeit und Hautvertr\u00e4glichkeit wurden in einer Studie bei Anwendern mit Sonnenallergien nachgewiesen. Photostabile UV-Filter bieten hochwirksamen und sofortigen UVA- und UVB-Schutz , effektiven Zellschutz1 und beugen sonnenbedingter Hautalterung vor1. Die Anwendung empfiehlt sich gerade auch bei sonnen\u00fcberempfindlicher und fettiger Haut. Cetaphil Sun Daylong Sensitive Gel SPF 50+ ist besonders geeignet f\u00fcr zu Sonnenallergie neigende sowie fettige Haut.<\/p>\n","protected":false},"excerpt":{"rendered":"<p>Die Cetaphil\u00ae Sun Daylong\u2122 Sensitive Gel-Creme SPF 50+ zieht schnell ein und sorgt dank der fettfreien Formulierung f\u00fcr ein angenehmes Hautgef\u00fchl. Die Wirksamkeit und Hautvertr\u00e4glichkeit wurden in einer Studie bei Anwendern mit Sonnenallergien nachgewiesen. Photostabile UV-Filter bieten hochwirksamen und sofortigen UVA- und UVB-Schutz , effektiven Zellschutz1 und beugen sonnenbedingter Hautalterung vor1. Die Anwendung empfiehlt sich [&hellip;]<\/p>\n","protected":false},"featured_media":91951,"template":"","meta":{"_acf_changed":false},"product_brand":[714],"product_cat":[337],"product_tag":[],"class_list":{"0":"post-91949","1":"product","2":"type-product","3":"status-publish","4":"has-post-thumbnail","6":"product_brand-cetaphil","7":"product_cat-c","8":"pa_packungsgroesse-100ml","10":"first","11":"instock","12":"shipping-taxable","13":"purchasable","14":"product-type-simple"},"acf":[],"_links":{"self":[{"href":"https:\/\/www.hirtenberg-apotheke.at\/katalog\/wp-json\/wp\/v2\/product\/91949","targetHints":{"allow":["GET"]}}],"collection":[{"href":"https:\/\/www.hirtenberg-apotheke.at\/katalog\/wp-json\/wp\/v2\/product"}],"about":[{"href":"https:\/\/www.hirtenberg-apotheke.at\/katalog\/wp-json\/wp\/v2\/types\/product"}],"wp:featuredmedia":[{"embeddable":true,"href":"https:\/\/www.hirtenberg-apotheke.at\/katalog\/wp-json\/wp\/v2\/media\/91951"}],"wp:attachment":[{"href":"https:\/\/www.hirtenberg-apotheke.at\/katalog\/wp-json\/wp\/v2\/media?parent=91949"}],"wp:term":[{"taxonomy":"product_brand","embeddable":true,"href":"https:\/\/www.hirtenberg-apotheke.at\/katalog\/wp-json\/wp\/v2\/product_brand?post=91949"},{"taxonomy":"product_cat","embeddable":true,"href":"https:\/\/www.hirtenberg-apotheke.at\/katalog\/wp-json\/wp\/v2\/product_cat?post=91949"},{"taxonomy":"product_tag","embeddable":true,"href":"https:\/\/www.hirtenberg-apotheke.at\/katalog\/wp-json\/wp\/v2\/product_tag?post=91949"}],"curies":[{"name":"wp","href":"https:\/\/api.w.org\/{rel}","templated":true}]}}