{"id":91984,"date":"2025-12-02T18:25:34","date_gmt":"2025-12-02T17:25:34","guid":{"rendered":"https:\/\/www.hirtenberg-apotheke.at\/katalog\/produkt\/cetaphil-sun-daylong-sensitive-gel-spray-spf-30-150-ml\/"},"modified":"2025-12-02T18:26:09","modified_gmt":"2025-12-02T17:26:09","slug":"cetaphil-sun-daylong-sensitive-gel-spray-spf-30-150-ml","status":"publish","type":"product","link":"https:\/\/www.hirtenberg-apotheke.at\/katalog\/produkt\/cetaphil-sun-daylong-sensitive-gel-spray-spf-30-150-ml\/","title":{"rendered":"Cetaphil Sun Daylong Sensitive Gel-Spray SPF 30 150 ml"},"content":{"rendered":"<p>Cetaphil Sun Sensitive Gel-Spray SPF 30 ist besonders geeignet f\u00fcr zu Sonnenallergie neigende sowie fettige Haut. Es enth\u00e4lt weder Emulgatoren noch Fette, die in Kombination mit UVA-Strahlung die h\u00e4ufigsten Ausl\u00f6ser von Mallorca-Akne sind.<\/p>\n","protected":false},"excerpt":{"rendered":"<p>Cetaphil Sun Sensitive Gel-Spray SPF 30 ist besonders geeignet f\u00fcr zu Sonnenallergie neigende sowie fettige Haut. Es enth\u00e4lt weder Emulgatoren noch Fette, die in Kombination mit UVA-Strahlung die h\u00e4ufigsten Ausl\u00f6ser von Mallorca-Akne sind.<\/p>\n","protected":false},"featured_media":91986,"template":"","meta":{"_acf_changed":false},"product_brand":[714],"product_cat":[337],"product_tag":[],"class_list":{"0":"post-91984","1":"product","2":"type-product","3":"status-publish","4":"has-post-thumbnail","6":"product_brand-cetaphil","7":"product_cat-c","8":"pa_packungsgroesse-150ml","10":"first","11":"instock","12":"shipping-taxable","13":"purchasable","14":"product-type-simple"},"acf":[],"_links":{"self":[{"href":"https:\/\/www.hirtenberg-apotheke.at\/katalog\/wp-json\/wp\/v2\/product\/91984","targetHints":{"allow":["GET"]}}],"collection":[{"href":"https:\/\/www.hirtenberg-apotheke.at\/katalog\/wp-json\/wp\/v2\/product"}],"about":[{"href":"https:\/\/www.hirtenberg-apotheke.at\/katalog\/wp-json\/wp\/v2\/types\/product"}],"wp:featuredmedia":[{"embeddable":true,"href":"https:\/\/www.hirtenberg-apotheke.at\/katalog\/wp-json\/wp\/v2\/media\/91986"}],"wp:attachment":[{"href":"https:\/\/www.hirtenberg-apotheke.at\/katalog\/wp-json\/wp\/v2\/media?parent=91984"}],"wp:term":[{"taxonomy":"product_brand","embeddable":true,"href":"https:\/\/www.hirtenberg-apotheke.at\/katalog\/wp-json\/wp\/v2\/product_brand?post=91984"},{"taxonomy":"product_cat","embeddable":true,"href":"https:\/\/www.hirtenberg-apotheke.at\/katalog\/wp-json\/wp\/v2\/product_cat?post=91984"},{"taxonomy":"product_tag","embeddable":true,"href":"https:\/\/www.hirtenberg-apotheke.at\/katalog\/wp-json\/wp\/v2\/product_tag?post=91984"}],"curies":[{"name":"wp","href":"https:\/\/api.w.org\/{rel}","templated":true}]}}